{"id":15285,"date":"2024-04-02T15:14:16","date_gmt":"2024-04-02T15:14:16","guid":{"rendered":"https:\/\/kypecorp.com\/?page_id=15285"},"modified":"2024-04-05T17:03:43","modified_gmt":"2024-04-05T17:03:43","slug":"gestion-de-projet","status":"publish","type":"page","link":"https:\/\/kypecorp.com\/index.php\/gestion-de-projet\/","title":{"rendered":"Gestion de projet"},"content":{"rendered":"\t\t<div data-elementor-type=\"wp-page\" data-elementor-id=\"15285\" class=\"elementor elementor-15285\">\n\t\t\t\t\t\t<section class=\"elementor-section elementor-top-section elementor-element elementor-element-f663707 elementor-section-boxed elementor-section-height-default elementor-section-height-default\" data-id=\"f663707\" data-element_type=\"section\" data-e-type=\"section\">\n\t\t\t\t\t\t<div class=\"elementor-container elementor-column-gap-default\">\n\t\t\t\t\t<div class=\"elementor-column elementor-col-100 elementor-top-column elementor-element elementor-element-26eca5a\" data-id=\"26eca5a\" data-element_type=\"column\" data-e-type=\"column\">\n\t\t\t<div class=\"elementor-widget-wrap\">\n\t\t\t\t\t\t\t<\/div>\n\t\t<\/div>\n\t\t\t\t\t<\/div>\n\t\t<\/section>\n\t\t\t\t<section class=\"elementor-section elementor-top-section elementor-element elementor-element-a547048 elementor-section-boxed elementor-section-height-default elementor-section-height-default\" data-id=\"a547048\" data-element_type=\"section\" data-e-type=\"section\">\n\t\t\t\t\t\t<div class=\"elementor-container elementor-column-gap-no\">\n\t\t\t\t\t<div class=\"elementor-column elementor-col-33 elementor-top-column elementor-element elementor-element-1f7e2cd\" data-id=\"1f7e2cd\" data-element_type=\"column\" data-e-type=\"column\">\n\t\t\t<div class=\"elementor-widget-wrap elementor-element-populated\">\n\t\t\t\t\t\t<div class=\"elementor-element elementor-element-d9bd08d service-button elementor-widget elementor-widget-button\" data-id=\"d9bd08d\" data-element_type=\"widget\" data-e-type=\"widget\" data-widget_type=\"button.default\">\n\t\t\t\t<div class=\"elementor-widget-container\">\n\t\t\t\t\t\t\t\t\t<div class=\"elementor-button-wrapper\">\n\t\t\t\t\t<a class=\"elementor-button elementor-button-link elementor-size-sm\" href=\"#\">\n\t\t\t\t\t\t<span class=\"elementor-button-content-wrapper\">\n\t\t\t\t\t\t<span class=\"elementor-button-icon\">\n\t\t\t\t<svg aria-hidden=\"true\" class=\"e-font-icon-svg e-fas-angle-right\" viewBox=\"0 0 256 512\" xmlns=\"http:\/\/www.w3.org\/2000\/svg\"><path d=\"M224.3 273l-136 136c-9.4 9.4-24.6 9.4-33.9 0l-22.6-22.6c-9.4-9.4-9.4-24.6 0-33.9l96.4-96.4-96.4-96.4c-9.4-9.4-9.4-24.6 0-33.9L54.3 103c9.4-9.4 24.6-9.4 33.9 0l136 136c9.5 9.4 9.5 24.6.1 34z\"><\/path><\/svg>\t\t\t<\/span>\n\t\t\t\t\t\t\t\t\t<span class=\"elementor-button-text\">KYPE CORORATE<\/span>\n\t\t\t\t\t<\/span>\n\t\t\t\t\t<\/a>\n\t\t\t\t<\/div>\n\t\t\t\t\t\t\t\t<\/div>\n\t\t\t\t<\/div>\n\t\t\t\t<section class=\"elementor-section elementor-inner-section elementor-element elementor-element-97cea8d elementor-section-boxed elementor-section-height-default elementor-section-height-default\" data-id=\"97cea8d\" data-element_type=\"section\" data-e-type=\"section\" data-settings=\"{&quot;background_background&quot;:&quot;classic&quot;}\">\n\t\t\t\t\t\t\t<div class=\"elementor-background-overlay\"><\/div>\n\t\t\t\t\t\t\t<div class=\"elementor-container elementor-column-gap-default\">\n\t\t\t\t\t<div class=\"elementor-column elementor-col-100 elementor-inner-column elementor-element elementor-element-656212d\" data-id=\"656212d\" data-element_type=\"column\" data-e-type=\"column\">\n\t\t\t<div class=\"elementor-widget-wrap elementor-element-populated\">\n\t\t\t\t\t\t<div class=\"elementor-element elementor-element-f8eeab0 elementor-widget elementor-widget-heading\" data-id=\"f8eeab0\" data-element_type=\"widget\" data-e-type=\"widget\" data-widget_type=\"heading.default\">\n\t\t\t\t<div class=\"elementor-widget-container\">\n\t\t\t\t\t<h2 class=\"elementor-heading-title elementor-size-default\">Besoin d'aide ?\n<\/h2>\t\t\t\t<\/div>\n\t\t\t\t<\/div>\n\t\t\t\t<div class=\"elementor-element elementor-element-4842189 elementor-widget elementor-widget-text-editor\" data-id=\"4842189\" data-element_type=\"widget\" data-e-type=\"widget\" data-widget_type=\"text-editor.default\">\n\t\t\t\t<div class=\"elementor-widget-container\">\n\t\t\t\t\t\t\t\t\t<p>D\u00e9couvrez comment notre expertise peut transformer vos projets. contactez nous d\u00e8s aujourd&#8217;hui pour une consultation personnalis\u00e9e!<\/p>\t\t\t\t\t\t\t\t<\/div>\n\t\t\t\t<\/div>\n\t\t\t\t<div class=\"elementor-element elementor-element-dc511cb elementor-align-center elementor-widget elementor-widget-button\" data-id=\"dc511cb\" data-element_type=\"widget\" data-e-type=\"widget\" data-widget_type=\"button.default\">\n\t\t\t\t<div class=\"elementor-widget-container\">\n\t\t\t\t\t\t\t\t\t<div class=\"elementor-button-wrapper\">\n\t\t\t\t\t<a class=\"elementor-button elementor-button-link elementor-size-sm\" href=\"https:\/\/kypecorp.com\/index.php\/contact\/\">\n\t\t\t\t\t\t<span class=\"elementor-button-content-wrapper\">\n\t\t\t\t\t\t\t\t\t<span class=\"elementor-button-text\">Contactez Nous<\/span>\n\t\t\t\t\t<\/span>\n\t\t\t\t\t<\/a>\n\t\t\t\t<\/div>\n\t\t\t\t\t\t\t\t<\/div>\n\t\t\t\t<\/div>\n\t\t\t\t\t<\/div>\n\t\t<\/div>\n\t\t\t\t\t<\/div>\n\t\t<\/section>\n\t\t\t\t\t<\/div>\n\t\t<\/div>\n\t\t\t\t<div class=\"elementor-column elementor-col-66 elementor-top-column elementor-element elementor-element-796ea77\" data-id=\"796ea77\" data-element_type=\"column\" data-e-type=\"column\">\n\t\t\t<div class=\"elementor-widget-wrap elementor-element-populated\">\n\t\t\t\t\t\t<div class=\"elementor-element elementor-element-cb48409 elementor-widget elementor-widget-image\" data-id=\"cb48409\" data-element_type=\"widget\" data-e-type=\"widget\" data-widget_type=\"image.default\">\n\t\t\t\t<div class=\"elementor-widget-container\">\n\t\t\t\t\t\t\t\t\t\t\t\t\t\t\t<img fetchpriority=\"high\" decoding=\"async\" width=\"1024\" height=\"551\" src=\"https:\/\/kypecorp.com\/wp-content\/uploads\/2024\/04\/IMAGE012614-1024x551.jpg\" class=\"attachment-large size-large wp-image-15926\" alt=\"\" srcset=\"https:\/\/kypecorp.com\/wp-content\/uploads\/2024\/04\/IMAGE012614-1024x551.jpg 1024w, https:\/\/kypecorp.com\/wp-content\/uploads\/2024\/04\/IMAGE012614-300x161.jpg 300w, https:\/\/kypecorp.com\/wp-content\/uploads\/2024\/04\/IMAGE012614-768x413.jpg 768w, https:\/\/kypecorp.com\/wp-content\/uploads\/2024\/04\/IMAGE012614-1536x826.jpg 1536w, https:\/\/kypecorp.com\/wp-content\/uploads\/2024\/04\/IMAGE012614-2048x1101.jpg 2048w, https:\/\/kypecorp.com\/wp-content\/uploads\/2024\/04\/IMAGE012614-18x10.jpg 18w, https:\/\/kypecorp.com\/wp-content\/uploads\/2024\/04\/IMAGE012614-600x323.jpg 600w\" sizes=\"(max-width: 1024px) 100vw, 1024px\" \/>\t\t\t\t\t\t\t\t\t\t\t\t\t\t\t<\/div>\n\t\t\t\t<\/div>\n\t\t\t\t<section class=\"elementor-section elementor-inner-section elementor-element elementor-element-0c22889 elementor-section-boxed elementor-section-height-default elementor-section-height-default\" data-id=\"0c22889\" data-element_type=\"section\" data-e-type=\"section\">\n\t\t\t\t\t\t<div class=\"elementor-container elementor-column-gap-default\">\n\t\t\t\t\t<div class=\"elementor-column elementor-col-100 elementor-inner-column elementor-element elementor-element-ecc08a8\" data-id=\"ecc08a8\" data-element_type=\"column\" data-e-type=\"column\">\n\t\t\t<div class=\"elementor-widget-wrap elementor-element-populated\">\n\t\t\t\t\t\t<div class=\"elementor-element elementor-element-4f760ec elementor-widget elementor-widget-heading\" data-id=\"4f760ec\" data-element_type=\"widget\" data-e-type=\"widget\" data-widget_type=\"heading.default\">\n\t\t\t\t<div class=\"elementor-widget-container\">\n\t\t\t\t\t<h2 class=\"elementor-heading-title elementor-size-default\">Gestion de projet<\/h2>\t\t\t\t<\/div>\n\t\t\t\t<\/div>\n\t\t\t\t<div class=\"elementor-element elementor-element-b7e9f36 elementor-widget elementor-widget-text-editor\" data-id=\"b7e9f36\" data-element_type=\"widget\" data-e-type=\"widget\" data-widget_type=\"text-editor.default\">\n\t\t\t\t<div class=\"elementor-widget-container\">\n\t\t\t\t\t\t\t\t\t<div class=\"kc-elm kc-css-486867 kc_text_block\"><div class=\"flex-1 overflow-hidden\"><div class=\"react-scroll-to-bottom--css-wotpw-79elbk h-full\"><div class=\"react-scroll-to-bottom--css-wotpw-1n7m0yu\"><div><div class=\"flex flex-col text-sm pb-9\"><div class=\"w-full text-token-text-primary\" data-testid=\"conversation-turn-23\"><div class=\"px-4 py-2 justify-center text-base md:gap-6 m-auto\"><div class=\"flex flex-1 text-base mx-auto gap-3 md:px-5 lg:px-1 xl:px-5 md:max-w-3xl lg:max-w-[40rem] xl:max-w-[48rem] group final-completion\"><div class=\"relative flex w-full flex-col agent-turn\"><div class=\"flex-col gap-1 md:gap-3\"><div class=\"flex flex-grow flex-col max-w-full\"><div class=\"min-h-[20px] text-message flex flex-col items-start gap-3 whitespace-pre-wrap break-words [.text-message+&amp;]:mt-5 overflow-x-auto\" data-message-author-role=\"assistant\" data-message-id=\"d41e2d7f-f189-41f7-b722-be42dab1bcef\"><div class=\"markdown prose w-full break-words dark:prose-invert light\"><p>la gestion de projet offre aux entreprises un cadre solide pour la planification, l&#8217;ex\u00e9cution et le suivi des initiatives, ce qui se traduit par une utilisation efficace des ressources, une r\u00e9duction des risques, une meilleure communication et collaboration, et des r\u00e9sultats de meilleure qualit\u00e9.<\/p><\/div><\/div><\/div><\/div><\/div><\/div><\/div><\/div><\/div><\/div><\/div><\/div><\/div><div class=\"w-full pt-2 md:pt-0 dark:border-white\/20 md:border-transparent md:dark:border-transparent md:w-[calc(100%-.5rem)]\"><form class=\"stretch mx-2 flex flex-row gap-3 last:mb-2 md:mx-4 md:last:mb-6 lg:mx-auto lg:max-w-2xl xl:max-w-3xl\"><div class=\"relative flex h-full flex-1 flex-col\"><div class=\"flex w-full items-center\">\u00a0<\/div><\/div><\/form><\/div><\/div>\t\t\t\t\t\t\t\t<\/div>\n\t\t\t\t<\/div>\n\t\t\t\t<section class=\"elementor-section elementor-inner-section elementor-element elementor-element-99cd76d elementor-section-boxed elementor-section-height-default elementor-section-height-default\" data-id=\"99cd76d\" data-element_type=\"section\" data-e-type=\"section\">\n\t\t\t\t\t\t<div class=\"elementor-container elementor-column-gap-default\">\n\t\t\t\t\t<div class=\"elementor-column elementor-col-50 elementor-inner-column elementor-element elementor-element-a28b832\" data-id=\"a28b832\" data-element_type=\"column\" data-e-type=\"column\">\n\t\t\t<div class=\"elementor-widget-wrap elementor-element-populated\">\n\t\t\t\t\t\t<div class=\"elementor-element elementor-element-1861254 elementor-widget elementor-widget-flipbox\" data-id=\"1861254\" data-element_type=\"widget\" data-e-type=\"widget\" data-widget_type=\"flipbox.default\">\n\t\t\t\t<div class=\"elementor-widget-container\">\n\t\t\t\t\t            \r\n\r\n        \r\n        <div class=\"flip-box\">\r\n            <div class=\"flip-box-inner rs-flip-right\">\r\n                <div class=\"flip-box-wrap\">\r\n                    <div class=\"front-part\">\r\n                        <div class=\"front-background-overlay\"><\/div>\r\n                        <div class=\"front-content-part\">\r\n                            \r\n\r\n                                                            <div class=\"front-title-part\">\r\n                                    <h2 class=\"front-title\">Site Internet &amp; Blog<\/h2>                                \r\n                                <\/div>\r\n                            \r\n                                                            <div class=\"front-desc-part\">\r\n                                    <p class=\"front-desc\">Si vous souhaitez cr\u00e9er un site internet ou un blog pour pr\u00e9senter l&#039;activit\u00e9 de votre entreprise, ou renforcer votre pr\u00e9sence digitale, nous sommes l\u00e0 pour vous accompagner dans toutes les \u00e9tapes de votre projet.<\/p>\r\n                                <\/div>\r\n                            \r\n                            \r\n                        <\/div>\r\n                    <\/div><!-- .front-part -->\r\n\r\n                    <div class=\"back-part\">\r\n                        <div class=\"back-background-overlay\"><\/div>\r\n                        <div class=\"back-content-part\">\r\n                            \r\n                                                            <div class=\"back-title-part\">\r\n                                    \r\n                                    <h2 class=\"back-title\">Site Internet &amp; Blog<\/h2>\r\n                                    \r\n                                <\/div>\r\n                            \r\n                                                            <div class=\"back-desc-part\">\r\n                                    <p class=\"back-desc\">Si vous souhaitez cr\u00e9er un site internet ou un blog pour pr\u00e9senter l&#039;activit\u00e9 de votre entreprise, ou renforcer votre pr\u00e9sence digitale, nous sommes l\u00e0 pour vous accompagner dans toutes les \u00e9tapes de votre projet.<\/p>\r\n                                <\/div>\r\n                            \r\n                                                    <\/div>\r\n                        \r\n                    <\/div><!-- .back-part -->\r\n                <\/div><!-- .flip-box-wrap -->\r\n            <\/div><!-- .flip-box-inner -->\r\n        <\/div><!-- .flip-box -->\r\n\r\n        \r\n\r\n        \t\t\t\t<\/div>\n\t\t\t\t<\/div>\n\t\t\t\t\t<\/div>\n\t\t<\/div>\n\t\t\t\t<div class=\"elementor-column elementor-col-50 elementor-inner-column elementor-element elementor-element-3ab0a7a\" data-id=\"3ab0a7a\" data-element_type=\"column\" data-e-type=\"column\">\n\t\t\t<div class=\"elementor-widget-wrap elementor-element-populated\">\n\t\t\t\t\t\t<div class=\"elementor-element elementor-element-64f3bd2 elementor-widget elementor-widget-flipbox\" data-id=\"64f3bd2\" data-element_type=\"widget\" data-e-type=\"widget\" data-widget_type=\"flipbox.default\">\n\t\t\t\t<div class=\"elementor-widget-container\">\n\t\t\t\t\t            \r\n\r\n        \r\n        <div class=\"flip-box\">\r\n            <div class=\"flip-box-inner rs-flip-right\">\r\n                <div class=\"flip-box-wrap\">\r\n                    <div class=\"front-part\">\r\n                        <div class=\"front-background-overlay\"><\/div>\r\n                        <div class=\"front-content-part\">\r\n                            \r\n\r\n                                                            <div class=\"front-title-part\">\r\n                                    <h2 class=\"front-title\">Optimisation des ressources<\/h2>                                \r\n                                <\/div>\r\n                            \r\n                                                            <div class=\"front-desc-part\">\r\n                                    <p class=\"front-desc\">En g\u00e9rant efficacement les ressources telles que le temps, le budget, le personnel et les mat\u00e9riaux, la gestion de projet permet aux entreprises d&#039;optimiser leur utilisation et de maximiser leur efficacit\u00e9. <\/p>\r\n                                <\/div>\r\n                            \r\n                            \r\n                        <\/div>\r\n                    <\/div><!-- .front-part -->\r\n\r\n                    <div class=\"back-part\">\r\n                        <div class=\"back-background-overlay\"><\/div>\r\n                        <div class=\"back-content-part\">\r\n                            \r\n                                                            <div class=\"back-title-part\">\r\n                                    \r\n                                    <h2 class=\"back-title\">Optimisation des ressources<\/h2>\r\n                                    \r\n                                <\/div>\r\n                            \r\n                                                            <div class=\"back-desc-part\">\r\n                                    <p class=\"back-desc\">En g\u00e9rant efficacement les ressources telles que le temps, le budget, le personnel et les mat\u00e9riaux, la gestion de projet permet aux entreprises d&#039;optimiser leur utilisation et de maximiser leur efficacit\u00e9. <\/p>\r\n                                <\/div>\r\n                            \r\n                                                    <\/div>\r\n                        \r\n                    <\/div><!-- .back-part -->\r\n                <\/div><!-- .flip-box-wrap -->\r\n            <\/div><!-- .flip-box-inner -->\r\n        <\/div><!-- .flip-box -->\r\n\r\n        \r\n\r\n        \t\t\t\t<\/div>\n\t\t\t\t<\/div>\n\t\t\t\t\t<\/div>\n\t\t<\/div>\n\t\t\t\t\t<\/div>\n\t\t<\/section>\n\t\t\t\t<div class=\"elementor-element elementor-element-b010296 elementor-widget elementor-widget-heading\" data-id=\"b010296\" data-element_type=\"widget\" data-e-type=\"widget\" data-widget_type=\"heading.default\">\n\t\t\t\t<div class=\"elementor-widget-container\">\n\t\t\t\t\t<h2 class=\"elementor-heading-title elementor-size-default\"> Processus de gestion d'un projet<\/h2>\t\t\t\t<\/div>\n\t\t\t\t<\/div>\n\t\t\t\t<div class=\"elementor-element elementor-element-5653ae4 elementor-widget elementor-widget-text-editor\" data-id=\"5653ae4\" data-element_type=\"widget\" data-e-type=\"widget\" data-widget_type=\"text-editor.default\">\n\t\t\t\t<div class=\"elementor-widget-container\">\n\t\t\t\t\t\t\t\t\t<div class=\"kc-elm kc-css-735206 kc_text_block\"><p>En tant que Kype Corporate, nous proposons un service de gestion de projet informatique complet et personnalis\u00e9 pour accompagner nos clients dans la r\u00e9alisation de leurs initiatives technologiques. Notre \u00e9quipe exp\u00e9riment\u00e9e de chefs de projet assure une gestion efficace de bout en bout, en veillant \u00e0 ce que les projets soient livr\u00e9s dans les d\u00e9lais, dans le budget et avec les fonctionnalit\u00e9s requises.<\/p><\/div>\t\t\t\t\t\t\t\t<\/div>\n\t\t\t\t<\/div>\n\t\t\t\t<div class=\"elementor-element elementor-element-e9657ac elementor-tabs-view-horizontal elementor-widget elementor-widget-tabs\" data-id=\"e9657ac\" data-element_type=\"widget\" data-e-type=\"widget\" data-widget_type=\"tabs.default\">\n\t\t\t\t<div class=\"elementor-widget-container\">\n\t\t\t\t\t\t\t<div class=\"elementor-tabs\">\n\t\t\t<div class=\"elementor-tabs-wrapper\" role=\"tablist\" >\n\t\t\t\t\t\t\t\t\t<div id=\"elementor-tab-title-2441\" class=\"elementor-tab-title elementor-tab-desktop-title\" aria-selected=\"true\" data-tab=\"1\" role=\"tab\" tabindex=\"0\" aria-controls=\"elementor-tab-content-2441\" aria-expanded=\"false\">Planification strat\u00e9gique<\/div>\n\t\t\t\t\t\t\t\t\t<div id=\"elementor-tab-title-2442\" class=\"elementor-tab-title elementor-tab-desktop-title\" aria-selected=\"false\" data-tab=\"2\" role=\"tab\" tabindex=\"-1\" aria-controls=\"elementor-tab-content-2442\" aria-expanded=\"false\">Ex\u00e9cution et suivi<\/div>\n\t\t\t\t\t\t\t\t\t<div id=\"elementor-tab-title-2443\" class=\"elementor-tab-title elementor-tab-desktop-title\" aria-selected=\"false\" data-tab=\"3\" role=\"tab\" tabindex=\"-1\" aria-controls=\"elementor-tab-content-2443\" aria-expanded=\"false\">Cl\u00f4ture et \u00e9valuation:<\/div>\n\t\t\t\t\t\t\t<\/div>\n\t\t\t<div class=\"elementor-tabs-content-wrapper\" role=\"tablist\" aria-orientation=\"vertical\">\n\t\t\t\t\t\t\t\t\t<div class=\"elementor-tab-title elementor-tab-mobile-title\" aria-selected=\"true\" data-tab=\"1\" role=\"tab\" tabindex=\"0\" aria-controls=\"elementor-tab-content-2441\" aria-expanded=\"false\">Planification strat\u00e9gique<\/div>\n\t\t\t\t\t<div id=\"elementor-tab-content-2441\" class=\"elementor-tab-content elementor-clearfix\" data-tab=\"1\" role=\"tabpanel\" aria-labelledby=\"elementor-tab-title-2441\" tabindex=\"0\" hidden=\"false\"><p>Nous commen\u00e7ons par travailler en \u00e9troite collaboration avec nos clients pour d\u00e9finir les objectifs du projet et identifier les exigences sp\u00e9cifiques. Cette phase comprend \u00e9galement l&#8217;\u00e9laboration d&#8217;un plan strat\u00e9gique d\u00e9taill\u00e9, comprenant les ressources n\u00e9cessaires, les \u00e9ch\u00e9anciers et les livrables attendus<\/p><\/div>\n\t\t\t\t\t\t\t\t\t<div class=\"elementor-tab-title elementor-tab-mobile-title\" aria-selected=\"false\" data-tab=\"2\" role=\"tab\" tabindex=\"-1\" aria-controls=\"elementor-tab-content-2442\" aria-expanded=\"false\">Ex\u00e9cution et suivi<\/div>\n\t\t\t\t\t<div id=\"elementor-tab-content-2442\" class=\"elementor-tab-content elementor-clearfix\" data-tab=\"2\" role=\"tabpanel\" aria-labelledby=\"elementor-tab-title-2442\" tabindex=\"0\" hidden=\"hidden\"><p>Une fois le plan strat\u00e9gique \u00e9tabli, notre \u00e9quipe met en \u0153uvre les \u00e9tapes du projet conform\u00e9ment au plan d\u00e9fini. Nous surveillons constamment l&#8217;avancement du projet, en identifiant les probl\u00e8mes potentiels et en prenant des mesures correctives si n\u00e9cessaire pour maintenir le projet sur la bonne voie.<\/p><\/div>\n\t\t\t\t\t\t\t\t\t<div class=\"elementor-tab-title elementor-tab-mobile-title\" aria-selected=\"false\" data-tab=\"3\" role=\"tab\" tabindex=\"-1\" aria-controls=\"elementor-tab-content-2443\" aria-expanded=\"false\">Cl\u00f4ture et \u00e9valuation:<\/div>\n\t\t\t\t\t<div id=\"elementor-tab-content-2443\" class=\"elementor-tab-content elementor-clearfix\" data-tab=\"3\" role=\"tabpanel\" aria-labelledby=\"elementor-tab-title-2443\" tabindex=\"0\" hidden=\"hidden\"><p>Une fois le projet termin\u00e9, nous effectuons une \u00e9valuation compl\u00e8te pour mesurer les r\u00e9sultats par rapport aux objectifs initiaux. Nous proc\u00e9dons \u00e0 une analyse des le\u00e7ons apprises pour identifier les points forts et les domaines \u00e0 am\u00e9liorer, afin d&#8217;optimiser notre approche pour les projets futurs. Enfin, nous assurons une transition fluide vers les op\u00e9rations post projet, fournissant tout support suppl\u00e9mentaire n\u00e9cessaire \u00e0 nos clients.<\/p><\/div>\n\t\t\t\t\t\t\t<\/div>\n\t\t<\/div>\n\t\t\t\t\t\t<\/div>\n\t\t\t\t<\/div>\n\t\t\t\t\t<\/div>\n\t\t<\/div>\n\t\t\t\t\t<\/div>\n\t\t<\/section>\n\t\t\t\t\t<\/div>\n\t\t<\/div>\n\t\t\t\t\t<\/div>\n\t\t<\/section>\n\t\t\t\t<\/div>\n\t\t","protected":false},"excerpt":{"rendered":"<p>KYPE CORORATE Besoin d&#8217;aide ? D\u00e9couvrez comment notre expertise peut transformer vos projets. contactez nous d\u00e8s aujourd&#8217;hui pour une consultation personnalis\u00e9e! Contactez Nous Gestion de projet la gestion de projet offre aux entreprises un cadre solide pour la planification, l&#8217;ex\u00e9cution et le suivi des initiatives, ce qui se traduit par une utilisation efficace des ressources, [&hellip;]<\/p>\n","protected":false},"author":1,"featured_media":0,"parent":0,"menu_order":0,"comment_status":"closed","ping_status":"closed","template":"page-templates\/template-default.php","meta":{"om_disable_all_campaigns":false,"_monsterinsights_skip_tracking":false,"_monsterinsights_sitenote_active":false,"_monsterinsights_sitenote_note":"","_monsterinsights_sitenote_category":0,"_uf_show_specific_survey":0,"_uf_disable_surveys":false,"footnotes":""},"class_list":["post-15285","page","type-page","status-publish","hentry"],"aioseo_notices":[],"_links":{"self":[{"href":"https:\/\/kypecorp.com\/index.php\/wp-json\/wp\/v2\/pages\/15285","targetHints":{"allow":["GET"]}}],"collection":[{"href":"https:\/\/kypecorp.com\/index.php\/wp-json\/wp\/v2\/pages"}],"about":[{"href":"https:\/\/kypecorp.com\/index.php\/wp-json\/wp\/v2\/types\/page"}],"author":[{"embeddable":true,"href":"https:\/\/kypecorp.com\/index.php\/wp-json\/wp\/v2\/users\/1"}],"replies":[{"embeddable":true,"href":"https:\/\/kypecorp.com\/index.php\/wp-json\/wp\/v2\/comments?post=15285"}],"version-history":[{"count":37,"href":"https:\/\/kypecorp.com\/index.php\/wp-json\/wp\/v2\/pages\/15285\/revisions"}],"predecessor-version":[{"id":15932,"href":"https:\/\/kypecorp.com\/index.php\/wp-json\/wp\/v2\/pages\/15285\/revisions\/15932"}],"wp:attachment":[{"href":"https:\/\/kypecorp.com\/index.php\/wp-json\/wp\/v2\/media?parent=15285"}],"curies":[{"name":"wp","href":"https:\/\/api.w.org\/{rel}","templated":true}]}}