{"id":14405,"date":"2024-03-28T16:01:43","date_gmt":"2024-03-28T16:01:43","guid":{"rendered":"https:\/\/kypecorp.com\/?page_id=14405"},"modified":"2024-04-05T17:05:02","modified_gmt":"2024-04-05T17:05:02","slug":"integration-de-solution-informatique","status":"publish","type":"page","link":"https:\/\/kypecorp.com\/index.php\/integration-de-solution-informatique\/","title":{"rendered":"Int\u00e9gration de solution informatique"},"content":{"rendered":"\t\t<div data-elementor-type=\"wp-page\" data-elementor-id=\"14405\" class=\"elementor elementor-14405\">\n\t\t\t\t\t\t<section class=\"elementor-section elementor-top-section elementor-element elementor-element-f663707 elementor-section-boxed elementor-section-height-default elementor-section-height-default\" data-id=\"f663707\" data-element_type=\"section\" data-e-type=\"section\">\n\t\t\t\t\t\t<div class=\"elementor-container elementor-column-gap-default\">\n\t\t\t\t\t<div class=\"elementor-column elementor-col-100 elementor-top-column elementor-element elementor-element-26eca5a\" data-id=\"26eca5a\" data-element_type=\"column\" data-e-type=\"column\">\n\t\t\t<div class=\"elementor-widget-wrap\">\n\t\t\t\t\t\t\t<\/div>\n\t\t<\/div>\n\t\t\t\t\t<\/div>\n\t\t<\/section>\n\t\t\t\t<section class=\"elementor-section elementor-top-section elementor-element elementor-element-a547048 elementor-section-boxed elementor-section-height-default elementor-section-height-default\" data-id=\"a547048\" data-element_type=\"section\" data-e-type=\"section\">\n\t\t\t\t\t\t<div class=\"elementor-container elementor-column-gap-no\">\n\t\t\t\t\t<div class=\"elementor-column elementor-col-33 elementor-top-column elementor-element elementor-element-1f7e2cd\" data-id=\"1f7e2cd\" data-element_type=\"column\" data-e-type=\"column\">\n\t\t\t<div class=\"elementor-widget-wrap elementor-element-populated\">\n\t\t\t\t\t\t<div class=\"elementor-element elementor-element-d9bd08d service-button elementor-widget elementor-widget-button\" data-id=\"d9bd08d\" data-element_type=\"widget\" data-e-type=\"widget\" data-widget_type=\"button.default\">\n\t\t\t\t<div class=\"elementor-widget-container\">\n\t\t\t\t\t\t\t\t\t<div class=\"elementor-button-wrapper\">\n\t\t\t\t\t<a class=\"elementor-button elementor-button-link elementor-size-sm\" href=\"#\">\n\t\t\t\t\t\t<span class=\"elementor-button-content-wrapper\">\n\t\t\t\t\t\t<span class=\"elementor-button-icon\">\n\t\t\t\t<svg aria-hidden=\"true\" class=\"e-font-icon-svg e-fas-angle-right\" viewBox=\"0 0 256 512\" xmlns=\"http:\/\/www.w3.org\/2000\/svg\"><path d=\"M224.3 273l-136 136c-9.4 9.4-24.6 9.4-33.9 0l-22.6-22.6c-9.4-9.4-9.4-24.6 0-33.9l96.4-96.4-96.4-96.4c-9.4-9.4-9.4-24.6 0-33.9L54.3 103c9.4-9.4 24.6-9.4 33.9 0l136 136c9.5 9.4 9.5 24.6.1 34z\"><\/path><\/svg>\t\t\t<\/span>\n\t\t\t\t\t\t\t\t\t<span class=\"elementor-button-text\">KYPE CORORATE<\/span>\n\t\t\t\t\t<\/span>\n\t\t\t\t\t<\/a>\n\t\t\t\t<\/div>\n\t\t\t\t\t\t\t\t<\/div>\n\t\t\t\t<\/div>\n\t\t\t\t<section class=\"elementor-section elementor-inner-section elementor-element elementor-element-97cea8d elementor-section-boxed elementor-section-height-default elementor-section-height-default\" data-id=\"97cea8d\" data-element_type=\"section\" data-e-type=\"section\" data-settings=\"{&quot;background_background&quot;:&quot;classic&quot;}\">\n\t\t\t\t\t\t\t<div class=\"elementor-background-overlay\"><\/div>\n\t\t\t\t\t\t\t<div class=\"elementor-container elementor-column-gap-default\">\n\t\t\t\t\t<div class=\"elementor-column elementor-col-100 elementor-inner-column elementor-element elementor-element-656212d\" data-id=\"656212d\" data-element_type=\"column\" data-e-type=\"column\">\n\t\t\t<div class=\"elementor-widget-wrap elementor-element-populated\">\n\t\t\t\t\t\t<div class=\"elementor-element elementor-element-f8eeab0 elementor-widget elementor-widget-heading\" data-id=\"f8eeab0\" data-element_type=\"widget\" data-e-type=\"widget\" data-widget_type=\"heading.default\">\n\t\t\t\t<div class=\"elementor-widget-container\">\n\t\t\t\t\t<h2 class=\"elementor-heading-title elementor-size-default\">Besoin d'aide ?\n<\/h2>\t\t\t\t<\/div>\n\t\t\t\t<\/div>\n\t\t\t\t<div class=\"elementor-element elementor-element-4842189 elementor-widget elementor-widget-text-editor\" data-id=\"4842189\" data-element_type=\"widget\" data-e-type=\"widget\" data-widget_type=\"text-editor.default\">\n\t\t\t\t<div class=\"elementor-widget-container\">\n\t\t\t\t\t\t\t\t\t<p>D\u00e9couvrez comment notre expertise peut transformer vos projets. contactez nous d\u00e8s aujourd&#8217;hui pour une consultation personnalis\u00e9e!<\/p>\t\t\t\t\t\t\t\t<\/div>\n\t\t\t\t<\/div>\n\t\t\t\t<div class=\"elementor-element elementor-element-dc511cb elementor-align-center elementor-widget elementor-widget-button\" data-id=\"dc511cb\" data-element_type=\"widget\" data-e-type=\"widget\" data-widget_type=\"button.default\">\n\t\t\t\t<div class=\"elementor-widget-container\">\n\t\t\t\t\t\t\t\t\t<div class=\"elementor-button-wrapper\">\n\t\t\t\t\t<a class=\"elementor-button elementor-button-link elementor-size-sm\" href=\"https:\/\/kypecorp.com\/index.php\/contact\/\">\n\t\t\t\t\t\t<span class=\"elementor-button-content-wrapper\">\n\t\t\t\t\t\t\t\t\t<span class=\"elementor-button-text\">Contact Nous<\/span>\n\t\t\t\t\t<\/span>\n\t\t\t\t\t<\/a>\n\t\t\t\t<\/div>\n\t\t\t\t\t\t\t\t<\/div>\n\t\t\t\t<\/div>\n\t\t\t\t\t<\/div>\n\t\t<\/div>\n\t\t\t\t\t<\/div>\n\t\t<\/section>\n\t\t\t\t\t<\/div>\n\t\t<\/div>\n\t\t\t\t<div class=\"elementor-column elementor-col-66 elementor-top-column elementor-element elementor-element-796ea77\" data-id=\"796ea77\" data-element_type=\"column\" data-e-type=\"column\">\n\t\t\t<div class=\"elementor-widget-wrap elementor-element-populated\">\n\t\t\t\t\t\t<div class=\"elementor-element elementor-element-cb48409 elementor-widget elementor-widget-image\" data-id=\"cb48409\" data-element_type=\"widget\" data-e-type=\"widget\" data-widget_type=\"image.default\">\n\t\t\t\t<div class=\"elementor-widget-container\">\n\t\t\t\t\t\t\t\t\t\t\t\t\t\t\t<img fetchpriority=\"high\" decoding=\"async\" width=\"1024\" height=\"551\" src=\"https:\/\/kypecorp.com\/wp-content\/uploads\/2024\/04\/IMAGE012614-1-1024x551.jpg\" class=\"attachment-large size-large wp-image-15936\" alt=\"\" srcset=\"https:\/\/kypecorp.com\/wp-content\/uploads\/2024\/04\/IMAGE012614-1-1024x551.jpg 1024w, https:\/\/kypecorp.com\/wp-content\/uploads\/2024\/04\/IMAGE012614-1-300x161.jpg 300w, https:\/\/kypecorp.com\/wp-content\/uploads\/2024\/04\/IMAGE012614-1-768x413.jpg 768w, https:\/\/kypecorp.com\/wp-content\/uploads\/2024\/04\/IMAGE012614-1-1536x826.jpg 1536w, https:\/\/kypecorp.com\/wp-content\/uploads\/2024\/04\/IMAGE012614-1-2048x1101.jpg 2048w, https:\/\/kypecorp.com\/wp-content\/uploads\/2024\/04\/IMAGE012614-1-18x10.jpg 18w, https:\/\/kypecorp.com\/wp-content\/uploads\/2024\/04\/IMAGE012614-1-600x323.jpg 600w\" sizes=\"(max-width: 1024px) 100vw, 1024px\" \/>\t\t\t\t\t\t\t\t\t\t\t\t\t\t\t<\/div>\n\t\t\t\t<\/div>\n\t\t\t\t<section class=\"elementor-section elementor-inner-section elementor-element elementor-element-0c22889 elementor-section-boxed elementor-section-height-default elementor-section-height-default\" data-id=\"0c22889\" data-element_type=\"section\" data-e-type=\"section\">\n\t\t\t\t\t\t<div class=\"elementor-container elementor-column-gap-default\">\n\t\t\t\t\t<div class=\"elementor-column elementor-col-100 elementor-inner-column elementor-element elementor-element-ecc08a8\" data-id=\"ecc08a8\" data-element_type=\"column\" data-e-type=\"column\">\n\t\t\t<div class=\"elementor-widget-wrap elementor-element-populated\">\n\t\t\t\t\t\t<div class=\"elementor-element elementor-element-4f760ec elementor-widget elementor-widget-heading\" data-id=\"4f760ec\" data-element_type=\"widget\" data-e-type=\"widget\" data-widget_type=\"heading.default\">\n\t\t\t\t<div class=\"elementor-widget-container\">\n\t\t\t\t\t<h2 class=\"elementor-heading-title elementor-size-default\">Int\u00e9grateur de solution  informatique\n<\/h2>\t\t\t\t<\/div>\n\t\t\t\t<\/div>\n\t\t\t\t<div class=\"elementor-element elementor-element-b7e9f36 elementor-widget elementor-widget-text-editor\" data-id=\"b7e9f36\" data-element_type=\"widget\" data-e-type=\"widget\" data-widget_type=\"text-editor.default\">\n\t\t\t\t<div class=\"elementor-widget-container\">\n\t\t\t\t\t\t\t\t\t<div class=\"kc-elm kc-css-486867 kc_text_block\"><p>Kype Corporate se distingue comme un pionnier dans le domaine de l&#8217;int\u00e9gration de solutions informatiques. Avec une expertise in\u00e9gal\u00e9e et une passion pour l&#8217;innovation, Kype Corporate se positionne comme le partenaire id\u00e9al pour r\u00e9pondre aux besoins complexes en mati\u00e8re de technologies de l&#8217;information des entreprises.<\/p><\/div>\t\t\t\t\t\t\t\t<\/div>\n\t\t\t\t<\/div>\n\t\t\t\t<section class=\"elementor-section elementor-inner-section elementor-element elementor-element-99cd76d elementor-section-boxed elementor-section-height-default elementor-section-height-default\" data-id=\"99cd76d\" data-element_type=\"section\" data-e-type=\"section\">\n\t\t\t\t\t\t<div class=\"elementor-container elementor-column-gap-default\">\n\t\t\t\t\t<div class=\"elementor-column elementor-col-50 elementor-inner-column elementor-element elementor-element-a28b832\" data-id=\"a28b832\" data-element_type=\"column\" data-e-type=\"column\">\n\t\t\t<div class=\"elementor-widget-wrap elementor-element-populated\">\n\t\t\t\t\t\t<div class=\"elementor-element elementor-element-1861254 elementor-widget elementor-widget-flipbox\" data-id=\"1861254\" data-element_type=\"widget\" data-e-type=\"widget\" data-widget_type=\"flipbox.default\">\n\t\t\t\t<div class=\"elementor-widget-container\">\n\t\t\t\t\t            \r\n\r\n        \r\n        <div class=\"flip-box\">\r\n            <div class=\"flip-box-inner rs-flip-right\">\r\n                <div class=\"flip-box-wrap\">\r\n                    <div class=\"front-part\">\r\n                        <div class=\"front-background-overlay\"><\/div>\r\n                        <div class=\"front-content-part\">\r\n                            \r\n\r\n                                                            <div class=\"front-title-part\">\r\n                                    <h2 class=\"front-title\">Structure et organisation<\/h2>                                \r\n                                <\/div>\r\n                            \r\n                                                            <div class=\"front-desc-part\">\r\n                                    <p class=\"front-desc\">La gestion de projet fournit une structure claire et organis\u00e9e pour la planification, l&#039;ex\u00e9cution et le suivi des initiatives. Cela aide \u00e0 d\u00e9finir des objectifs clairs, des \u00e9ch\u00e9anciers pr\u00e9cis et des r\u00f4les et responsabilit\u00e9s bien d\u00e9finis.<\/p>\r\n                                <\/div>\r\n                            \r\n                            \r\n                        <\/div>\r\n                    <\/div><!-- .front-part -->\r\n\r\n                    <div class=\"back-part\">\r\n                        <div class=\"back-background-overlay\"><\/div>\r\n                        <div class=\"back-content-part\">\r\n                            \r\n                                                            <div class=\"back-title-part\">\r\n                                    \r\n                                    <h2 class=\"back-title\">Structure et organisation<\/h2>\r\n                                    \r\n                                <\/div>\r\n                            \r\n                                                            <div class=\"back-desc-part\">\r\n                                    <p class=\"back-desc\">La gestion de projet fournit une structure claire et organis\u00e9e pour la planification, l&#039;ex\u00e9cution et le suivi des initiatives. Cela aide \u00e0 d\u00e9finir des objectifs clairs, des \u00e9ch\u00e9anciers pr\u00e9cis et des r\u00f4les et responsabilit\u00e9s bien d\u00e9finis.<\/p>\r\n                                <\/div>\r\n                            \r\n                                                    <\/div>\r\n                        \r\n                    <\/div><!-- .back-part -->\r\n                <\/div><!-- .flip-box-wrap -->\r\n            <\/div><!-- .flip-box-inner -->\r\n        <\/div><!-- .flip-box -->\r\n\r\n        \r\n\r\n        \t\t\t\t<\/div>\n\t\t\t\t<\/div>\n\t\t\t\t\t<\/div>\n\t\t<\/div>\n\t\t\t\t<div class=\"elementor-column elementor-col-50 elementor-inner-column elementor-element elementor-element-3ab0a7a\" data-id=\"3ab0a7a\" data-element_type=\"column\" data-e-type=\"column\">\n\t\t\t<div class=\"elementor-widget-wrap elementor-element-populated\">\n\t\t\t\t\t\t<div class=\"elementor-element elementor-element-64f3bd2 elementor-widget elementor-widget-flipbox\" data-id=\"64f3bd2\" data-element_type=\"widget\" data-e-type=\"widget\" data-widget_type=\"flipbox.default\">\n\t\t\t\t<div class=\"elementor-widget-container\">\n\t\t\t\t\t            \r\n\r\n        \r\n        <div class=\"flip-box\">\r\n            <div class=\"flip-box-inner rs-flip-right\">\r\n                <div class=\"flip-box-wrap\">\r\n                    <div class=\"front-part\">\r\n                        <div class=\"front-background-overlay\"><\/div>\r\n                        <div class=\"front-content-part\">\r\n                            \r\n\r\n                                                            <div class=\"front-title-part\">\r\n                                    <h2 class=\"front-title\">Gamme de service<\/h2>                                \r\n                                <\/div>\r\n                            \r\n                                                            <div class=\"front-desc-part\">\r\n                                    <p class=\"front-desc\">Notre service est con\u00e7ue pour offrir \u00e0 nos clients une solution compl\u00e8te et sur mesure pour r\u00e9pondre \u00e0 leurs besoins informatiques. Avec une expertise dans divers domaines de la technologie de l&#039;information, nous proposons une large gamme de services.<\/p>\r\n                                <\/div>\r\n                            \r\n                            \r\n                        <\/div>\r\n                    <\/div><!-- .front-part -->\r\n\r\n                    <div class=\"back-part\">\r\n                        <div class=\"back-background-overlay\"><\/div>\r\n                        <div class=\"back-content-part\">\r\n                            \r\n                                                            <div class=\"back-title-part\">\r\n                                    \r\n                                    <h2 class=\"back-title\">Gamme de service<\/h2>\r\n                                    \r\n                                <\/div>\r\n                            \r\n                                                            <div class=\"back-desc-part\">\r\n                                    <p class=\"back-desc\">Notre service est con\u00e7ue pour offrir \u00e0 nos clients une solution compl\u00e8te et sur mesure pour r\u00e9pondre \u00e0 leurs besoins informatiques. Avec une expertise dans divers domaines de la technologie de l&#039;information, nous proposons une large gamme de services.<\/p>\r\n                                <\/div>\r\n                            \r\n                                                    <\/div>\r\n                        \r\n                    <\/div><!-- .back-part -->\r\n                <\/div><!-- .flip-box-wrap -->\r\n            <\/div><!-- .flip-box-inner -->\r\n        <\/div><!-- .flip-box -->\r\n\r\n        \r\n\r\n        \t\t\t\t<\/div>\n\t\t\t\t<\/div>\n\t\t\t\t\t<\/div>\n\t\t<\/div>\n\t\t\t\t\t<\/div>\n\t\t<\/section>\n\t\t\t\t<div class=\"elementor-element elementor-element-b010296 elementor-widget elementor-widget-heading\" data-id=\"b010296\" data-element_type=\"widget\" data-e-type=\"widget\" data-widget_type=\"heading.default\">\n\t\t\t\t<div class=\"elementor-widget-container\">\n\t\t\t\t\t<h2 class=\"elementor-heading-title elementor-size-default\">Engagement envers l'innovation<\/h2>\t\t\t\t<\/div>\n\t\t\t\t<\/div>\n\t\t\t\t<div class=\"elementor-element elementor-element-5653ae4 elementor-widget elementor-widget-text-editor\" data-id=\"5653ae4\" data-element_type=\"widget\" data-e-type=\"widget\" data-widget_type=\"text-editor.default\">\n\t\t\t\t<div class=\"elementor-widget-container\">\n\t\t\t\t\t\t\t\t\t<div class=\"kc-elm kc-css-735206 kc_text_block\"><p>L&#8217;innovation est \u00e9galement au c\u0153ur de notre processus de d\u00e9veloppement de produits. Nous investissons dans la recherche et le d\u00e9veloppement pour cr\u00e9er des solutions technologiques de pointe qui offrent une r\u00e9elle valeur ajout\u00e9e \u00e0 nos clients. Que ce soit en d\u00e9veloppant de nouveaux logiciels, en concevant des architectures r\u00e9seau innovantes ou en mettant en \u0153uvre des mesures de s\u00e9curit\u00e9 de pointe, nous nous effor\u00e7ons constamment d&#8217;apporter des innovations qui propulsent nos clients vers le succ\u00e8s.<\/p><\/div>\t\t\t\t\t\t\t\t<\/div>\n\t\t\t\t<\/div>\n\t\t\t\t\t<\/div>\n\t\t<\/div>\n\t\t\t\t\t<\/div>\n\t\t<\/section>\n\t\t\t\t\t<\/div>\n\t\t<\/div>\n\t\t\t\t\t<\/div>\n\t\t<\/section>\n\t\t\t\t<\/div>\n\t\t","protected":false},"excerpt":{"rendered":"<p>KYPE CORORATE Besoin d&#8217;aide ? D\u00e9couvrez comment notre expertise peut transformer vos projets. contactez nous d\u00e8s aujourd&#8217;hui pour une consultation personnalis\u00e9e! Contact Nous Int\u00e9grateur de solution informatique Kype Corporate se distingue comme un pionnier dans le domaine de l&#8217;int\u00e9gration de solutions informatiques. Avec une expertise in\u00e9gal\u00e9e et une passion pour l&#8217;innovation, Kype Corporate se positionne [&hellip;]<\/p>\n","protected":false},"author":1,"featured_media":0,"parent":0,"menu_order":0,"comment_status":"closed","ping_status":"closed","template":"page-templates\/template-default.php","meta":{"om_disable_all_campaigns":false,"_monsterinsights_skip_tracking":false,"_monsterinsights_sitenote_active":false,"_monsterinsights_sitenote_note":"","_monsterinsights_sitenote_category":0,"_uf_show_specific_survey":0,"_uf_disable_surveys":false,"footnotes":""},"class_list":["post-14405","page","type-page","status-publish","hentry"],"aioseo_notices":[],"_links":{"self":[{"href":"https:\/\/kypecorp.com\/index.php\/wp-json\/wp\/v2\/pages\/14405","targetHints":{"allow":["GET"]}}],"collection":[{"href":"https:\/\/kypecorp.com\/index.php\/wp-json\/wp\/v2\/pages"}],"about":[{"href":"https:\/\/kypecorp.com\/index.php\/wp-json\/wp\/v2\/types\/page"}],"author":[{"embeddable":true,"href":"https:\/\/kypecorp.com\/index.php\/wp-json\/wp\/v2\/users\/1"}],"replies":[{"embeddable":true,"href":"https:\/\/kypecorp.com\/index.php\/wp-json\/wp\/v2\/comments?post=14405"}],"version-history":[{"count":60,"href":"https:\/\/kypecorp.com\/index.php\/wp-json\/wp\/v2\/pages\/14405\/revisions"}],"predecessor-version":[{"id":15939,"href":"https:\/\/kypecorp.com\/index.php\/wp-json\/wp\/v2\/pages\/14405\/revisions\/15939"}],"wp:attachment":[{"href":"https:\/\/kypecorp.com\/index.php\/wp-json\/wp\/v2\/media?parent=14405"}],"curies":[{"name":"wp","href":"https:\/\/api.w.org\/{rel}","templated":true}]}}