{"id":14400,"date":"2024-03-28T16:01:04","date_gmt":"2024-03-28T16:01:04","guid":{"rendered":"https:\/\/kypecorp.com\/?page_id=14400"},"modified":"2024-04-05T17:04:17","modified_gmt":"2024-04-05T17:04:17","slug":"developpement-de-sites-et-dapplications","status":"publish","type":"page","link":"https:\/\/kypecorp.com\/index.php\/developpement-de-sites-et-dapplications\/","title":{"rendered":"D\u00e9veloppement de sites et d&rsquo;applications"},"content":{"rendered":"\t\t<div data-elementor-type=\"wp-page\" data-elementor-id=\"14400\" class=\"elementor elementor-14400\">\n\t\t\t\t\t\t<section class=\"elementor-section elementor-top-section elementor-element elementor-element-f663707 elementor-section-boxed elementor-section-height-default elementor-section-height-default\" data-id=\"f663707\" data-element_type=\"section\" data-e-type=\"section\">\n\t\t\t\t\t\t<div class=\"elementor-container elementor-column-gap-default\">\n\t\t\t\t\t<div class=\"elementor-column elementor-col-100 elementor-top-column elementor-element elementor-element-26eca5a\" data-id=\"26eca5a\" data-element_type=\"column\" data-e-type=\"column\">\n\t\t\t<div class=\"elementor-widget-wrap\">\n\t\t\t\t\t\t\t<\/div>\n\t\t<\/div>\n\t\t\t\t\t<\/div>\n\t\t<\/section>\n\t\t\t\t<section class=\"elementor-section elementor-top-section elementor-element elementor-element-a547048 elementor-section-boxed elementor-section-height-default elementor-section-height-default\" data-id=\"a547048\" data-element_type=\"section\" data-e-type=\"section\">\n\t\t\t\t\t\t<div class=\"elementor-container elementor-column-gap-no\">\n\t\t\t\t\t<div class=\"elementor-column elementor-col-33 elementor-top-column elementor-element elementor-element-1f7e2cd\" data-id=\"1f7e2cd\" data-element_type=\"column\" data-e-type=\"column\">\n\t\t\t<div class=\"elementor-widget-wrap elementor-element-populated\">\n\t\t\t\t\t\t<div class=\"elementor-element elementor-element-d9bd08d service-button elementor-widget elementor-widget-button\" data-id=\"d9bd08d\" data-element_type=\"widget\" data-e-type=\"widget\" data-widget_type=\"button.default\">\n\t\t\t\t<div class=\"elementor-widget-container\">\n\t\t\t\t\t\t\t\t\t<div class=\"elementor-button-wrapper\">\n\t\t\t\t\t<a class=\"elementor-button elementor-button-link elementor-size-sm\" href=\"#\">\n\t\t\t\t\t\t<span class=\"elementor-button-content-wrapper\">\n\t\t\t\t\t\t<span class=\"elementor-button-icon\">\n\t\t\t\t<svg aria-hidden=\"true\" class=\"e-font-icon-svg e-fas-angle-right\" viewBox=\"0 0 256 512\" xmlns=\"http:\/\/www.w3.org\/2000\/svg\"><path d=\"M224.3 273l-136 136c-9.4 9.4-24.6 9.4-33.9 0l-22.6-22.6c-9.4-9.4-9.4-24.6 0-33.9l96.4-96.4-96.4-96.4c-9.4-9.4-9.4-24.6 0-33.9L54.3 103c9.4-9.4 24.6-9.4 33.9 0l136 136c9.5 9.4 9.5 24.6.1 34z\"><\/path><\/svg>\t\t\t<\/span>\n\t\t\t\t\t\t\t\t\t<span class=\"elementor-button-text\">KYPE CORORATE<\/span>\n\t\t\t\t\t<\/span>\n\t\t\t\t\t<\/a>\n\t\t\t\t<\/div>\n\t\t\t\t\t\t\t\t<\/div>\n\t\t\t\t<\/div>\n\t\t\t\t<section class=\"elementor-section elementor-inner-section elementor-element elementor-element-97cea8d elementor-section-boxed elementor-section-height-default elementor-section-height-default\" data-id=\"97cea8d\" data-element_type=\"section\" data-e-type=\"section\" data-settings=\"{&quot;background_background&quot;:&quot;classic&quot;}\">\n\t\t\t\t\t\t\t<div class=\"elementor-background-overlay\"><\/div>\n\t\t\t\t\t\t\t<div class=\"elementor-container elementor-column-gap-default\">\n\t\t\t\t\t<div class=\"elementor-column elementor-col-100 elementor-inner-column elementor-element elementor-element-656212d\" data-id=\"656212d\" data-element_type=\"column\" data-e-type=\"column\">\n\t\t\t<div class=\"elementor-widget-wrap elementor-element-populated\">\n\t\t\t\t\t\t<div class=\"elementor-element elementor-element-f8eeab0 elementor-widget elementor-widget-heading\" data-id=\"f8eeab0\" data-element_type=\"widget\" data-e-type=\"widget\" data-widget_type=\"heading.default\">\n\t\t\t\t<div class=\"elementor-widget-container\">\n\t\t\t\t\t<h2 class=\"elementor-heading-title elementor-size-default\">Besoin d'aide ?\n<\/h2>\t\t\t\t<\/div>\n\t\t\t\t<\/div>\n\t\t\t\t<div class=\"elementor-element elementor-element-4842189 elementor-widget elementor-widget-text-editor\" data-id=\"4842189\" data-element_type=\"widget\" data-e-type=\"widget\" data-widget_type=\"text-editor.default\">\n\t\t\t\t<div class=\"elementor-widget-container\">\n\t\t\t\t\t\t\t\t\t<p>D\u00e9couvrez comment notre expertise peut transformer vos projets. contactez nous d\u00e8s aujourd&#8217;hui pour une consultation personnalis\u00e9e!<\/p>\t\t\t\t\t\t\t\t<\/div>\n\t\t\t\t<\/div>\n\t\t\t\t<div class=\"elementor-element elementor-element-dc511cb elementor-align-center elementor-widget elementor-widget-button\" data-id=\"dc511cb\" data-element_type=\"widget\" data-e-type=\"widget\" data-widget_type=\"button.default\">\n\t\t\t\t<div class=\"elementor-widget-container\">\n\t\t\t\t\t\t\t\t\t<div class=\"elementor-button-wrapper\">\n\t\t\t\t\t<a class=\"elementor-button elementor-button-link elementor-size-sm\" href=\"https:\/\/kypecorp.com\/index.php\/contact\/\">\n\t\t\t\t\t\t<span class=\"elementor-button-content-wrapper\">\n\t\t\t\t\t\t\t\t\t<span class=\"elementor-button-text\">Contactez Nous<\/span>\n\t\t\t\t\t<\/span>\n\t\t\t\t\t<\/a>\n\t\t\t\t<\/div>\n\t\t\t\t\t\t\t\t<\/div>\n\t\t\t\t<\/div>\n\t\t\t\t\t<\/div>\n\t\t<\/div>\n\t\t\t\t\t<\/div>\n\t\t<\/section>\n\t\t\t\t\t<\/div>\n\t\t<\/div>\n\t\t\t\t<div class=\"elementor-column elementor-col-66 elementor-top-column elementor-element elementor-element-796ea77\" data-id=\"796ea77\" data-element_type=\"column\" data-e-type=\"column\">\n\t\t\t<div class=\"elementor-widget-wrap elementor-element-populated\">\n\t\t\t\t\t\t<div class=\"elementor-element elementor-element-cb48409 elementor-widget elementor-widget-image\" data-id=\"cb48409\" data-element_type=\"widget\" data-e-type=\"widget\" data-widget_type=\"image.default\">\n\t\t\t\t<div class=\"elementor-widget-container\">\n\t\t\t\t\t\t\t\t\t\t\t\t\t\t\t<img fetchpriority=\"high\" decoding=\"async\" width=\"1024\" height=\"551\" src=\"https:\/\/kypecorp.com\/wp-content\/uploads\/2024\/04\/IMAGE012614-1024x551.jpg\" class=\"attachment-large size-large wp-image-15926\" alt=\"\" srcset=\"https:\/\/kypecorp.com\/wp-content\/uploads\/2024\/04\/IMAGE012614-1024x551.jpg 1024w, https:\/\/kypecorp.com\/wp-content\/uploads\/2024\/04\/IMAGE012614-300x161.jpg 300w, https:\/\/kypecorp.com\/wp-content\/uploads\/2024\/04\/IMAGE012614-768x413.jpg 768w, https:\/\/kypecorp.com\/wp-content\/uploads\/2024\/04\/IMAGE012614-1536x826.jpg 1536w, https:\/\/kypecorp.com\/wp-content\/uploads\/2024\/04\/IMAGE012614-2048x1101.jpg 2048w, https:\/\/kypecorp.com\/wp-content\/uploads\/2024\/04\/IMAGE012614-18x10.jpg 18w, https:\/\/kypecorp.com\/wp-content\/uploads\/2024\/04\/IMAGE012614-600x323.jpg 600w\" sizes=\"(max-width: 1024px) 100vw, 1024px\" \/>\t\t\t\t\t\t\t\t\t\t\t\t\t\t\t<\/div>\n\t\t\t\t<\/div>\n\t\t\t\t<section class=\"elementor-section elementor-inner-section elementor-element elementor-element-0c22889 elementor-section-boxed elementor-section-height-default elementor-section-height-default\" data-id=\"0c22889\" data-element_type=\"section\" data-e-type=\"section\">\n\t\t\t\t\t\t<div class=\"elementor-container elementor-column-gap-default\">\n\t\t\t\t\t<div class=\"elementor-column elementor-col-100 elementor-inner-column elementor-element elementor-element-ecc08a8\" data-id=\"ecc08a8\" data-element_type=\"column\" data-e-type=\"column\">\n\t\t\t<div class=\"elementor-widget-wrap elementor-element-populated\">\n\t\t\t\t\t\t<div class=\"elementor-element elementor-element-4f760ec elementor-widget elementor-widget-heading\" data-id=\"4f760ec\" data-element_type=\"widget\" data-e-type=\"widget\" data-widget_type=\"heading.default\">\n\t\t\t\t<div class=\"elementor-widget-container\">\n\t\t\t\t\t<h2 class=\"elementor-heading-title elementor-size-default\">Plateforme Web\n<\/h2>\t\t\t\t<\/div>\n\t\t\t\t<\/div>\n\t\t\t\t<div class=\"elementor-element elementor-element-b7e9f36 elementor-widget elementor-widget-text-editor\" data-id=\"b7e9f36\" data-element_type=\"widget\" data-e-type=\"widget\" data-widget_type=\"text-editor.default\">\n\t\t\t\t<div class=\"elementor-widget-container\">\n\t\t\t\t\t\t\t\t\t<div class=\"kc-elm kc-css-486867 kc_text_block\"><p>Les sites et applications web sont des plateformes en ligne qui permettent aux utilisateurs d&#8217;acc\u00e9der \u00e0 des informations, des services ou des fonctionnalit\u00e9s sp\u00e9cifiques via un navigateur web ou une application mobile. Ils peuvent servir \u00e0 diverses fins, telles que la communication, le divertissement, le commerce \u00e9lectronique, l&#8217;\u00e9ducation, la productivit\u00e9, etc. Les sites web sont g\u00e9n\u00e9ralement des pages web interconnect\u00e9es accessibles via une adresse URL unique, tandis que les applications web offrent une exp\u00e9rience plus interactive et dynamique, souvent en permettant aux utilisateurs d&#8217;effectuer des t\u00e2ches complexes ou d&#8217;interagir en temps r\u00e9el avec d&#8217;autres utilisateurs.<\/p><p>En combinant design, d\u00e9veloppement et fonctionnalit\u00e9s innovantes, les sites et applications web offrent aux entreprises et aux particuliers un moyen efficace de communiquer, de collaborer et de fournir des services \u00e0 leur audience \u00e0 travers le monde.<\/p><\/div>\t\t\t\t\t\t\t\t<\/div>\n\t\t\t\t<\/div>\n\t\t\t\t<section class=\"elementor-section elementor-inner-section elementor-element elementor-element-99cd76d elementor-section-boxed elementor-section-height-default elementor-section-height-default\" data-id=\"99cd76d\" data-element_type=\"section\" data-e-type=\"section\">\n\t\t\t\t\t\t<div class=\"elementor-container elementor-column-gap-default\">\n\t\t\t\t\t<div class=\"elementor-column elementor-col-50 elementor-inner-column elementor-element elementor-element-a28b832\" data-id=\"a28b832\" data-element_type=\"column\" data-e-type=\"column\">\n\t\t\t<div class=\"elementor-widget-wrap elementor-element-populated\">\n\t\t\t\t\t\t<div class=\"elementor-element elementor-element-1861254 elementor-widget elementor-widget-flipbox\" data-id=\"1861254\" data-element_type=\"widget\" data-e-type=\"widget\" data-widget_type=\"flipbox.default\">\n\t\t\t\t<div class=\"elementor-widget-container\">\n\t\t\t\t\t            \r\n\r\n        \r\n        <div class=\"flip-box\">\r\n            <div class=\"flip-box-inner rs-flip-right\">\r\n                <div class=\"flip-box-wrap\">\r\n                    <div class=\"front-part\">\r\n                        <div class=\"front-background-overlay\"><\/div>\r\n                        <div class=\"front-content-part\">\r\n                            \r\n\r\n                                                            <div class=\"front-title-part\">\r\n                                    <h2 class=\"front-title\">Site Internet &amp; Blog<\/h2>                                \r\n                                <\/div>\r\n                            \r\n                                                            <div class=\"front-desc-part\">\r\n                                    <p class=\"front-desc\">Si vous souhaitez cr\u00e9er un site internet ou un blog pour pr\u00e9senter l&#039;activit\u00e9 de votre entreprise, ou renforcer votre pr\u00e9sence digitale, nous sommes l\u00e0 pour vous accompagner dans toutes les \u00e9tapes de votre projet.<\/p>\r\n                                <\/div>\r\n                            \r\n                            \r\n                        <\/div>\r\n                    <\/div><!-- .front-part -->\r\n\r\n                    <div class=\"back-part\">\r\n                        <div class=\"back-background-overlay\"><\/div>\r\n                        <div class=\"back-content-part\">\r\n                            \r\n                                                            <div class=\"back-title-part\">\r\n                                    \r\n                                    <h2 class=\"back-title\">Site Internet &amp; Blog<\/h2>\r\n                                    \r\n                                <\/div>\r\n                            \r\n                                                            <div class=\"back-desc-part\">\r\n                                    <p class=\"back-desc\">Si vous souhaitez cr\u00e9er un site internet ou un blog pour pr\u00e9senter l&#039;activit\u00e9 de votre entreprise, ou renforcer votre pr\u00e9sence digitale, nous sommes l\u00e0 pour vous accompagner dans toutes les \u00e9tapes de votre projet.<\/p>\r\n                                <\/div>\r\n                            \r\n                                                    <\/div>\r\n                        \r\n                    <\/div><!-- .back-part -->\r\n                <\/div><!-- .flip-box-wrap -->\r\n            <\/div><!-- .flip-box-inner -->\r\n        <\/div><!-- .flip-box -->\r\n\r\n        \r\n\r\n        \t\t\t\t<\/div>\n\t\t\t\t<\/div>\n\t\t\t\t\t<\/div>\n\t\t<\/div>\n\t\t\t\t<div class=\"elementor-column elementor-col-50 elementor-inner-column elementor-element elementor-element-3ab0a7a\" data-id=\"3ab0a7a\" data-element_type=\"column\" data-e-type=\"column\">\n\t\t\t<div class=\"elementor-widget-wrap elementor-element-populated\">\n\t\t\t\t\t\t<div class=\"elementor-element elementor-element-64f3bd2 elementor-widget elementor-widget-flipbox\" data-id=\"64f3bd2\" data-element_type=\"widget\" data-e-type=\"widget\" data-widget_type=\"flipbox.default\">\n\t\t\t\t<div class=\"elementor-widget-container\">\n\t\t\t\t\t            \r\n\r\n        \r\n        <div class=\"flip-box\">\r\n            <div class=\"flip-box-inner rs-flip-right\">\r\n                <div class=\"flip-box-wrap\">\r\n                    <div class=\"front-part\">\r\n                        <div class=\"front-background-overlay\"><\/div>\r\n                        <div class=\"front-content-part\">\r\n                            \r\n\r\n                                                            <div class=\"front-title-part\">\r\n                                    <h2 class=\"front-title\">E-Commerce<\/h2>                                \r\n                                <\/div>\r\n                            \r\n                                                            <div class=\"front-desc-part\">\r\n                                    <p class=\"front-desc\">Kype Corporate est \u00e0 la pointe des derni\u00e8res technologies et tendances du e-commerce. Nous int\u00e9grons les innovations les plus r\u00e9centes dans nos strat\u00e9gies digitales pour vous garantir une performance optimale et une exp\u00e9rience utilisateur fluide.<\/p>\r\n                                <\/div>\r\n                            \r\n                            \r\n                        <\/div>\r\n                    <\/div><!-- .front-part -->\r\n\r\n                    <div class=\"back-part\">\r\n                        <div class=\"back-background-overlay\"><\/div>\r\n                        <div class=\"back-content-part\">\r\n                            \r\n                                                            <div class=\"back-title-part\">\r\n                                    \r\n                                    <h2 class=\"back-title\">E-Commerce<\/h2>\r\n                                    \r\n                                <\/div>\r\n                            \r\n                                                            <div class=\"back-desc-part\">\r\n                                    <p class=\"back-desc\">Kype Corporate est \u00e0 la pointe des derni\u00e8res technologies et tendances du e-commerce. Nous int\u00e9grons les innovations les plus r\u00e9centes dans nos strat\u00e9gies digitales pour vous garantir une performance optimale et une exp\u00e9rience utilisateur fluide.<\/p>\r\n                                <\/div>\r\n                            \r\n                                                    <\/div>\r\n                        \r\n                    <\/div><!-- .back-part -->\r\n                <\/div><!-- .flip-box-wrap -->\r\n            <\/div><!-- .flip-box-inner -->\r\n        <\/div><!-- .flip-box -->\r\n\r\n        \r\n\r\n        \t\t\t\t<\/div>\n\t\t\t\t<\/div>\n\t\t\t\t\t<\/div>\n\t\t<\/div>\n\t\t\t\t\t<\/div>\n\t\t<\/section>\n\t\t\t\t<div class=\"elementor-element elementor-element-b010296 elementor-widget elementor-widget-heading\" data-id=\"b010296\" data-element_type=\"widget\" data-e-type=\"widget\" data-widget_type=\"heading.default\">\n\t\t\t\t<div class=\"elementor-widget-container\">\n\t\t\t\t\t<h2 class=\"elementor-heading-title elementor-size-default\">Application Mobile<\/h2>\t\t\t\t<\/div>\n\t\t\t\t<\/div>\n\t\t\t\t<div class=\"elementor-element elementor-element-5653ae4 elementor-widget elementor-widget-text-editor\" data-id=\"5653ae4\" data-element_type=\"widget\" data-e-type=\"widget\" data-widget_type=\"text-editor.default\">\n\t\t\t\t<div class=\"elementor-widget-container\">\n\t\t\t\t\t\t\t\t\t<div class=\"kc-elm kc-css-735206 kc_text_block\"><p>Les applications mobiles sont des logiciels con\u00e7us pour \u00eatre utilis\u00e9s sur des appareils mobiles tels que les smartphones et les tablettes. Elles offrent une large gamme de fonctionnalit\u00e9s et de services, allant de la communication et du divertissement \u00e0 la productivit\u00e9 et au commerce \u00e9lectronique<\/p><\/div>\t\t\t\t\t\t\t\t<\/div>\n\t\t\t\t<\/div>\n\t\t\t\t<div class=\"elementor-element elementor-element-e9657ac elementor-tabs-view-horizontal elementor-widget elementor-widget-tabs\" data-id=\"e9657ac\" data-element_type=\"widget\" data-e-type=\"widget\" data-widget_type=\"tabs.default\">\n\t\t\t\t<div class=\"elementor-widget-container\">\n\t\t\t\t\t\t\t<div class=\"elementor-tabs\">\n\t\t\t<div class=\"elementor-tabs-wrapper\" role=\"tablist\" >\n\t\t\t\t\t\t\t\t\t<div id=\"elementor-tab-title-2441\" class=\"elementor-tab-title elementor-tab-desktop-title\" aria-selected=\"true\" data-tab=\"1\" role=\"tab\" tabindex=\"0\" aria-controls=\"elementor-tab-content-2441\" aria-expanded=\"false\">Android<\/div>\n\t\t\t\t\t\t\t\t\t<div id=\"elementor-tab-title-2442\" class=\"elementor-tab-title elementor-tab-desktop-title\" aria-selected=\"false\" data-tab=\"2\" role=\"tab\" tabindex=\"-1\" aria-controls=\"elementor-tab-content-2442\" aria-expanded=\"false\">IOS<\/div>\n\t\t\t\t\t\t\t<\/div>\n\t\t\t<div class=\"elementor-tabs-content-wrapper\" role=\"tablist\" aria-orientation=\"vertical\">\n\t\t\t\t\t\t\t\t\t<div class=\"elementor-tab-title elementor-tab-mobile-title\" aria-selected=\"true\" data-tab=\"1\" role=\"tab\" tabindex=\"0\" aria-controls=\"elementor-tab-content-2441\" aria-expanded=\"false\">Android<\/div>\n\t\t\t\t\t<div id=\"elementor-tab-content-2441\" class=\"elementor-tab-content elementor-clearfix\" data-tab=\"1\" role=\"tabpanel\" aria-labelledby=\"elementor-tab-title-2441\" tabindex=\"0\" hidden=\"false\"><p>D\u00e9veloppez pour Android et atteignez plus de 2,5 milliards d&#8217;utilisateurs actifs, soit la plus grande audience mobile au monde. Maximisez le potentiel de votre application et profitez d&#8217;une visibilit\u00e9 accrue.<\/p><\/div>\n\t\t\t\t\t\t\t\t\t<div class=\"elementor-tab-title elementor-tab-mobile-title\" aria-selected=\"false\" data-tab=\"2\" role=\"tab\" tabindex=\"-1\" aria-controls=\"elementor-tab-content-2442\" aria-expanded=\"false\">IOS<\/div>\n\t\t\t\t\t<div id=\"elementor-tab-content-2442\" class=\"elementor-tab-content elementor-clearfix\" data-tab=\"2\" role=\"tabpanel\" aria-labelledby=\"elementor-tab-title-2442\" tabindex=\"0\" hidden=\"hidden\"><p>Concevoir une application compatible avec iOS offre une multitude d&#8217;avantages pour les d\u00e9veloppeurs et les utilisateurs. Tout d&#8217;abord, en ciblant sp\u00e9cifiquement le syst\u00e8me d&#8217;exploitation d&#8217;Apple, vous pouvez tirer parti de son vaste \u00e9cosyst\u00e8me et de sa base d&#8217;utilisateurs fid\u00e8les.<\/p><\/div>\n\t\t\t\t\t\t\t<\/div>\n\t\t<\/div>\n\t\t\t\t\t\t<\/div>\n\t\t\t\t<\/div>\n\t\t\t\t\t<\/div>\n\t\t<\/div>\n\t\t\t\t\t<\/div>\n\t\t<\/section>\n\t\t\t\t\t<\/div>\n\t\t<\/div>\n\t\t\t\t\t<\/div>\n\t\t<\/section>\n\t\t\t\t<\/div>\n\t\t","protected":false},"excerpt":{"rendered":"<p>KYPE CORORATE Besoin d&#8217;aide ? D\u00e9couvrez comment notre expertise peut transformer vos projets. contactez nous d\u00e8s aujourd&#8217;hui pour une consultation personnalis\u00e9e! Contactez Nous Plateforme Web Les sites et applications web sont des plateformes en ligne qui permettent aux utilisateurs d&#8217;acc\u00e9der \u00e0 des informations, des services ou des fonctionnalit\u00e9s sp\u00e9cifiques via un navigateur web ou une [&hellip;]<\/p>\n","protected":false},"author":1,"featured_media":0,"parent":0,"menu_order":0,"comment_status":"closed","ping_status":"closed","template":"page-templates\/template-default.php","meta":{"om_disable_all_campaigns":false,"_monsterinsights_skip_tracking":false,"_monsterinsights_sitenote_active":false,"_monsterinsights_sitenote_note":"","_monsterinsights_sitenote_category":0,"_uf_show_specific_survey":0,"_uf_disable_surveys":false,"footnotes":""},"class_list":["post-14400","page","type-page","status-publish","hentry"],"aioseo_notices":[],"_links":{"self":[{"href":"https:\/\/kypecorp.com\/index.php\/wp-json\/wp\/v2\/pages\/14400","targetHints":{"allow":["GET"]}}],"collection":[{"href":"https:\/\/kypecorp.com\/index.php\/wp-json\/wp\/v2\/pages"}],"about":[{"href":"https:\/\/kypecorp.com\/index.php\/wp-json\/wp\/v2\/types\/page"}],"author":[{"embeddable":true,"href":"https:\/\/kypecorp.com\/index.php\/wp-json\/wp\/v2\/users\/1"}],"replies":[{"embeddable":true,"href":"https:\/\/kypecorp.com\/index.php\/wp-json\/wp\/v2\/comments?post=14400"}],"version-history":[{"count":84,"href":"https:\/\/kypecorp.com\/index.php\/wp-json\/wp\/v2\/pages\/14400\/revisions"}],"predecessor-version":[{"id":15935,"href":"https:\/\/kypecorp.com\/index.php\/wp-json\/wp\/v2\/pages\/14400\/revisions\/15935"}],"wp:attachment":[{"href":"https:\/\/kypecorp.com\/index.php\/wp-json\/wp\/v2\/media?parent=14400"}],"curies":[{"name":"wp","href":"https:\/\/api.w.org\/{rel}","templated":true}]}}