{"id":14390,"date":"2024-03-28T15:58:22","date_gmt":"2024-03-28T15:58:22","guid":{"rendered":"https:\/\/kypecorp.com\/?page_id=14390"},"modified":"2024-04-05T17:03:00","modified_gmt":"2024-04-05T17:03:00","slug":"cloud","status":"publish","type":"page","link":"https:\/\/kypecorp.com\/index.php\/cloud\/","title":{"rendered":"Cloud"},"content":{"rendered":"\t\t<div data-elementor-type=\"wp-page\" data-elementor-id=\"14390\" class=\"elementor elementor-14390\">\n\t\t\t\t\t\t<section class=\"elementor-section elementor-top-section elementor-element elementor-element-f663707 elementor-section-boxed elementor-section-height-default elementor-section-height-default\" data-id=\"f663707\" data-element_type=\"section\" data-e-type=\"section\">\n\t\t\t\t\t\t<div class=\"elementor-container elementor-column-gap-default\">\n\t\t\t\t\t<div class=\"elementor-column elementor-col-100 elementor-top-column elementor-element elementor-element-26eca5a\" data-id=\"26eca5a\" data-element_type=\"column\" data-e-type=\"column\">\n\t\t\t<div class=\"elementor-widget-wrap\">\n\t\t\t\t\t\t\t<\/div>\n\t\t<\/div>\n\t\t\t\t\t<\/div>\n\t\t<\/section>\n\t\t\t\t<section class=\"elementor-section elementor-top-section elementor-element elementor-element-a547048 elementor-section-boxed elementor-section-height-default elementor-section-height-default\" data-id=\"a547048\" data-element_type=\"section\" data-e-type=\"section\">\n\t\t\t\t\t\t<div class=\"elementor-container elementor-column-gap-no\">\n\t\t\t\t\t<div class=\"elementor-column elementor-col-33 elementor-top-column elementor-element elementor-element-1f7e2cd\" data-id=\"1f7e2cd\" data-element_type=\"column\" data-e-type=\"column\">\n\t\t\t<div class=\"elementor-widget-wrap elementor-element-populated\">\n\t\t\t\t\t\t<div class=\"elementor-element elementor-element-f8eeab0 elementor-widget elementor-widget-heading\" data-id=\"f8eeab0\" data-element_type=\"widget\" data-e-type=\"widget\" data-widget_type=\"heading.default\">\n\t\t\t\t<div class=\"elementor-widget-container\">\n\t\t\t\t\t<h2 class=\"elementor-heading-title elementor-size-default\">Besoin d'aide ?\n\n<\/h2>\t\t\t\t<\/div>\n\t\t\t\t<\/div>\n\t\t\t\t<div class=\"elementor-element elementor-element-d9bd08d service-button elementor-widget elementor-widget-button\" data-id=\"d9bd08d\" data-element_type=\"widget\" data-e-type=\"widget\" data-widget_type=\"button.default\">\n\t\t\t\t<div class=\"elementor-widget-container\">\n\t\t\t\t\t\t\t\t\t<div class=\"elementor-button-wrapper\">\n\t\t\t\t\t<a class=\"elementor-button elementor-button-link elementor-size-sm\" href=\"https:\/\/kypecorp.com\/index.php\/contact\/\">\n\t\t\t\t\t\t<span class=\"elementor-button-content-wrapper\">\n\t\t\t\t\t\t<span class=\"elementor-button-icon\">\n\t\t\t\t<svg aria-hidden=\"true\" class=\"e-font-icon-svg e-fas-angle-right\" viewBox=\"0 0 256 512\" xmlns=\"http:\/\/www.w3.org\/2000\/svg\"><path d=\"M224.3 273l-136 136c-9.4 9.4-24.6 9.4-33.9 0l-22.6-22.6c-9.4-9.4-9.4-24.6 0-33.9l96.4-96.4-96.4-96.4c-9.4-9.4-9.4-24.6 0-33.9L54.3 103c9.4-9.4 24.6-9.4 33.9 0l136 136c9.5 9.4 9.5 24.6.1 34z\"><\/path><\/svg>\t\t\t<\/span>\n\t\t\t\t\t\t\t\t\t<span class=\"elementor-button-text\">KYPE CORPORATE<\/span>\n\t\t\t\t\t<\/span>\n\t\t\t\t\t<\/a>\n\t\t\t\t<\/div>\n\t\t\t\t\t\t\t\t<\/div>\n\t\t\t\t<\/div>\n\t\t\t\t<section class=\"elementor-section elementor-inner-section elementor-element elementor-element-97cea8d elementor-section-boxed elementor-section-height-default elementor-section-height-default\" data-id=\"97cea8d\" data-element_type=\"section\" data-e-type=\"section\" data-settings=\"{&quot;background_background&quot;:&quot;classic&quot;}\">\n\t\t\t\t\t\t\t<div class=\"elementor-background-overlay\"><\/div>\n\t\t\t\t\t\t\t<div class=\"elementor-container elementor-column-gap-default\">\n\t\t\t\t\t<div class=\"elementor-column elementor-col-100 elementor-inner-column elementor-element elementor-element-656212d\" data-id=\"656212d\" data-element_type=\"column\" data-e-type=\"column\">\n\t\t\t<div class=\"elementor-widget-wrap elementor-element-populated\">\n\t\t\t\t\t\t<div class=\"elementor-element elementor-element-4842189 elementor-widget elementor-widget-text-editor\" data-id=\"4842189\" data-element_type=\"widget\" data-e-type=\"widget\" data-widget_type=\"text-editor.default\">\n\t\t\t\t<div class=\"elementor-widget-container\">\n\t\t\t\t\t\t\t\t\t<p>D\u00e9couvrez comment notre expertise peut transformer vos projets. contactez nous d\u00e8s aujourd\u2019hui pour une consultation personnalis\u00e9e!<\/p>\t\t\t\t\t\t\t\t<\/div>\n\t\t\t\t<\/div>\n\t\t\t\t<div class=\"elementor-element elementor-element-dc511cb elementor-align-center elementor-widget elementor-widget-button\" data-id=\"dc511cb\" data-element_type=\"widget\" data-e-type=\"widget\" data-widget_type=\"button.default\">\n\t\t\t\t<div class=\"elementor-widget-container\">\n\t\t\t\t\t\t\t\t\t<div class=\"elementor-button-wrapper\">\n\t\t\t\t\t<a class=\"elementor-button elementor-button-link elementor-size-sm\" href=\"https:\/\/kypecorp.com\/index.php\/contact\/\">\n\t\t\t\t\t\t<span class=\"elementor-button-content-wrapper\">\n\t\t\t\t\t\t\t\t\t<span class=\"elementor-button-text\">Contactez Nous<\/span>\n\t\t\t\t\t<\/span>\n\t\t\t\t\t<\/a>\n\t\t\t\t<\/div>\n\t\t\t\t\t\t\t\t<\/div>\n\t\t\t\t<\/div>\n\t\t\t\t\t<\/div>\n\t\t<\/div>\n\t\t\t\t\t<\/div>\n\t\t<\/section>\n\t\t\t\t\t<\/div>\n\t\t<\/div>\n\t\t\t\t<div class=\"elementor-column elementor-col-66 elementor-top-column elementor-element elementor-element-796ea77\" data-id=\"796ea77\" data-element_type=\"column\" data-e-type=\"column\">\n\t\t\t<div class=\"elementor-widget-wrap elementor-element-populated\">\n\t\t\t\t\t\t<div class=\"elementor-element elementor-element-cb48409 elementor-widget elementor-widget-image\" data-id=\"cb48409\" data-element_type=\"widget\" data-e-type=\"widget\" data-widget_type=\"image.default\">\n\t\t\t\t<div class=\"elementor-widget-container\">\n\t\t\t\t\t\t\t\t\t\t\t\t\t\t\t<img fetchpriority=\"high\" decoding=\"async\" width=\"1024\" height=\"551\" src=\"https:\/\/kypecorp.com\/wp-content\/uploads\/2024\/04\/IMAGE012614-1024x551.jpg\" class=\"attachment-large size-large wp-image-15926\" alt=\"\" srcset=\"https:\/\/kypecorp.com\/wp-content\/uploads\/2024\/04\/IMAGE012614-1024x551.jpg 1024w, https:\/\/kypecorp.com\/wp-content\/uploads\/2024\/04\/IMAGE012614-300x161.jpg 300w, https:\/\/kypecorp.com\/wp-content\/uploads\/2024\/04\/IMAGE012614-768x413.jpg 768w, https:\/\/kypecorp.com\/wp-content\/uploads\/2024\/04\/IMAGE012614-1536x826.jpg 1536w, https:\/\/kypecorp.com\/wp-content\/uploads\/2024\/04\/IMAGE012614-2048x1101.jpg 2048w, https:\/\/kypecorp.com\/wp-content\/uploads\/2024\/04\/IMAGE012614-18x10.jpg 18w, https:\/\/kypecorp.com\/wp-content\/uploads\/2024\/04\/IMAGE012614-600x323.jpg 600w\" sizes=\"(max-width: 1024px) 100vw, 1024px\" \/>\t\t\t\t\t\t\t\t\t\t\t\t\t\t\t<\/div>\n\t\t\t\t<\/div>\n\t\t\t\t<section class=\"elementor-section elementor-inner-section elementor-element elementor-element-0c22889 elementor-section-boxed elementor-section-height-default elementor-section-height-default\" data-id=\"0c22889\" data-element_type=\"section\" data-e-type=\"section\">\n\t\t\t\t\t\t<div class=\"elementor-container elementor-column-gap-default\">\n\t\t\t\t\t<div class=\"elementor-column elementor-col-100 elementor-inner-column elementor-element elementor-element-ecc08a8\" data-id=\"ecc08a8\" data-element_type=\"column\" data-e-type=\"column\">\n\t\t\t<div class=\"elementor-widget-wrap elementor-element-populated\">\n\t\t\t\t\t\t<div class=\"elementor-element elementor-element-4f760ec elementor-widget elementor-widget-heading\" data-id=\"4f760ec\" data-element_type=\"widget\" data-e-type=\"widget\" data-widget_type=\"heading.default\">\n\t\t\t\t<div class=\"elementor-widget-container\">\n\t\t\t\t\t<h2 class=\"elementor-heading-title elementor-size-default\">H\u00e9bergement cloud\n\n\n<\/h2>\t\t\t\t<\/div>\n\t\t\t\t<\/div>\n\t\t\t\t<div class=\"elementor-element elementor-element-b7e9f36 elementor-widget elementor-widget-text-editor\" data-id=\"b7e9f36\" data-element_type=\"widget\" data-e-type=\"widget\" data-widget_type=\"text-editor.default\">\n\t\t\t\t<div class=\"elementor-widget-container\">\n\t\t\t\t\t\t\t\t\t<div class=\"kc-elm kc-css-486867 kc_text_block\"><p>L&#8217;h\u00e9bergement cloud est un service informatique qui permet aux entreprises de stocker, g\u00e9rer et acc\u00e9der \u00e0 leurs donn\u00e9es et applications via Internet. Contrairement \u00e0 l&#8217;h\u00e9bergement traditionnel sur des serveurs locaux, l&#8217;h\u00e9bergement cloud repose sur des ressources informatiques distribu\u00e9es \u00e0 travers un r\u00e9seau de serveurs distants. Les donn\u00e9es sont stock\u00e9es dans des centres de donn\u00e9es s\u00e9curis\u00e9s et accessibles \u00e0 tout moment, depuis n&#8217;importe quel appareil connect\u00e9 \u00e0 Internet.<\/p><\/div>\t\t\t\t\t\t\t\t<\/div>\n\t\t\t\t<\/div>\n\t\t\t\t<section class=\"elementor-section elementor-inner-section elementor-element elementor-element-99cd76d elementor-section-boxed elementor-section-height-default elementor-section-height-default\" data-id=\"99cd76d\" data-element_type=\"section\" data-e-type=\"section\">\n\t\t\t\t\t\t<div class=\"elementor-container elementor-column-gap-default\">\n\t\t\t\t\t<div class=\"elementor-column elementor-col-50 elementor-inner-column elementor-element elementor-element-a28b832\" data-id=\"a28b832\" data-element_type=\"column\" data-e-type=\"column\">\n\t\t\t<div class=\"elementor-widget-wrap elementor-element-populated\">\n\t\t\t\t\t\t<div class=\"elementor-element elementor-element-1861254 elementor-widget elementor-widget-flipbox\" data-id=\"1861254\" data-element_type=\"widget\" data-e-type=\"widget\" data-widget_type=\"flipbox.default\">\n\t\t\t\t<div class=\"elementor-widget-container\">\n\t\t\t\t\t            \r\n\r\n        \r\n        <div class=\"flip-box\">\r\n            <div class=\"flip-box-inner rs-flip-right\">\r\n                <div class=\"flip-box-wrap\">\r\n                    <div class=\"front-part\">\r\n                        <div class=\"front-background-overlay\"><\/div>\r\n                        <div class=\"front-content-part\">\r\n                            \r\n\r\n                                                            <div class=\"front-title-part\">\r\n                                    <h2 class=\"front-title\">\u00c9volutivit\u00e9 <\/h2>                                \r\n                                <\/div>\r\n                            \r\n                                                            <div class=\"front-desc-part\">\r\n                                    <p class=\"front-desc\">L&#039;un des principaux avantages de l&#039;h\u00e9bergement cloud est sa capacit\u00e9 \u00e0 s&#039;adapter aux besoins changeants des entreprises. Les entreprises peuvent facilement augmenter ou r\u00e9duire leurs ressources informatiques en fonction de la demande.<\/p>\r\n                                <\/div>\r\n                            \r\n                            \r\n                        <\/div>\r\n                    <\/div><!-- .front-part -->\r\n\r\n                    <div class=\"back-part\">\r\n                        <div class=\"back-background-overlay\"><\/div>\r\n                        <div class=\"back-content-part\">\r\n                            \r\n                                                            <div class=\"back-title-part\">\r\n                                    \r\n                                    <h2 class=\"back-title\">\u00c9volutivit\u00e9 <\/h2>\r\n                                    \r\n                                <\/div>\r\n                            \r\n                                                            <div class=\"back-desc-part\">\r\n                                    <p class=\"back-desc\">L&#039;un des principaux avantages de l&#039;h\u00e9bergement cloud est sa capacit\u00e9 \u00e0 s&#039;adapter aux besoins changeants des entreprises. Les entreprises peuvent facilement augmenter ou r\u00e9duire leurs ressources informatiques en fonction de la demande.<\/p>\r\n                                <\/div>\r\n                            \r\n                                                    <\/div>\r\n                        \r\n                    <\/div><!-- .back-part -->\r\n                <\/div><!-- .flip-box-wrap -->\r\n            <\/div><!-- .flip-box-inner -->\r\n        <\/div><!-- .flip-box -->\r\n\r\n        \r\n\r\n        \t\t\t\t<\/div>\n\t\t\t\t<\/div>\n\t\t\t\t\t<\/div>\n\t\t<\/div>\n\t\t\t\t<div class=\"elementor-column elementor-col-50 elementor-inner-column elementor-element elementor-element-3ab0a7a\" data-id=\"3ab0a7a\" data-element_type=\"column\" data-e-type=\"column\">\n\t\t\t<div class=\"elementor-widget-wrap elementor-element-populated\">\n\t\t\t\t\t\t<div class=\"elementor-element elementor-element-64f3bd2 elementor-widget elementor-widget-flipbox\" data-id=\"64f3bd2\" data-element_type=\"widget\" data-e-type=\"widget\" data-widget_type=\"flipbox.default\">\n\t\t\t\t<div class=\"elementor-widget-container\">\n\t\t\t\t\t            \r\n\r\n        \r\n        <div class=\"flip-box\">\r\n            <div class=\"flip-box-inner rs-flip-right\">\r\n                <div class=\"flip-box-wrap\">\r\n                    <div class=\"front-part\">\r\n                        <div class=\"front-background-overlay\"><\/div>\r\n                        <div class=\"front-content-part\">\r\n                            \r\n\r\n                                                            <div class=\"front-title-part\">\r\n                                    <h2 class=\"front-title\">R\u00e9duction des co\u00fbts<\/h2>                                \r\n                                <\/div>\r\n                            \r\n                                                            <div class=\"front-desc-part\">\r\n                                    <p class=\"front-desc\">En optant pour l&#039;h\u00e9bergement cloud, les entreprises peuvent r\u00e9aliser des \u00e9conomies significatives en termes de co\u00fbts d&#039;infrastructure. Elles n&#039;ont pas besoin d&#039;investir dans l&#039;achat et la maintenance de serveurs physiques.<\/p>\r\n                                <\/div>\r\n                            \r\n                            \r\n                        <\/div>\r\n                    <\/div><!-- .front-part -->\r\n\r\n                    <div class=\"back-part\">\r\n                        <div class=\"back-background-overlay\"><\/div>\r\n                        <div class=\"back-content-part\">\r\n                            \r\n                                                            <div class=\"back-title-part\">\r\n                                    \r\n                                    <h2 class=\"back-title\">What We Offer<\/h2>\r\n                                    \r\n                                <\/div>\r\n                            \r\n                                                            <div class=\"back-desc-part\">\r\n                                    <p class=\"back-desc\">En optant pour l&#039;h\u00e9bergement cloud, les entreprises peuvent r\u00e9aliser des \u00e9conomies significatives en termes de co\u00fbts d&#039;infrastructure. Elles n&#039;ont pas besoin d&#039;investir dans l&#039;achat et la maintenance de serveurs physiques.<\/p>\r\n                                <\/div>\r\n                            \r\n                                                    <\/div>\r\n                        \r\n                    <\/div><!-- .back-part -->\r\n                <\/div><!-- .flip-box-wrap -->\r\n            <\/div><!-- .flip-box-inner -->\r\n        <\/div><!-- .flip-box -->\r\n\r\n        \r\n\r\n        \t\t\t\t<\/div>\n\t\t\t\t<\/div>\n\t\t\t\t\t<\/div>\n\t\t<\/div>\n\t\t\t\t\t<\/div>\n\t\t<\/section>\n\t\t\t\t<div class=\"elementor-element elementor-element-b010296 elementor-widget elementor-widget-heading\" data-id=\"b010296\" data-element_type=\"widget\" data-e-type=\"widget\" data-widget_type=\"heading.default\">\n\t\t\t\t<div class=\"elementor-widget-container\">\n\t\t\t\t\t<h2 class=\"elementor-heading-title elementor-size-default\">Service Cloud<\/h2>\t\t\t\t<\/div>\n\t\t\t\t<\/div>\n\t\t\t\t<div class=\"elementor-element elementor-element-5653ae4 elementor-widget elementor-widget-text-editor\" data-id=\"5653ae4\" data-element_type=\"widget\" data-e-type=\"widget\" data-widget_type=\"text-editor.default\">\n\t\t\t\t<div class=\"elementor-widget-container\">\n\t\t\t\t\t\t\t\t\t<p>En int\u00e9grant ces diff\u00e9rents services cloud dans leur strat\u00e9gie informatique, les entreprises peuvent b\u00e9n\u00e9ficier d&#8217;une agilit\u00e9 accrue, d&#8217;une r\u00e9duction des co\u00fbts, d&#8217;une meilleure efficacit\u00e9 op\u00e9rationnelle et de la possibilit\u00e9 d&#8217;innover plus rapidement.<\/p>\t\t\t\t\t\t\t\t<\/div>\n\t\t\t\t<\/div>\n\t\t\t\t<div class=\"elementor-element elementor-element-e9657ac elementor-tabs-view-horizontal elementor-widget elementor-widget-tabs\" data-id=\"e9657ac\" data-element_type=\"widget\" data-e-type=\"widget\" data-widget_type=\"tabs.default\">\n\t\t\t\t<div class=\"elementor-widget-container\">\n\t\t\t\t\t\t\t<div class=\"elementor-tabs\">\n\t\t\t<div class=\"elementor-tabs-wrapper\" role=\"tablist\" >\n\t\t\t\t\t\t\t\t\t<div id=\"elementor-tab-title-2441\" class=\"elementor-tab-title elementor-tab-desktop-title\" aria-selected=\"true\" data-tab=\"1\" role=\"tab\" tabindex=\"0\" aria-controls=\"elementor-tab-content-2441\" aria-expanded=\"false\">Analyse et traitement des donn\u00e9es<\/div>\n\t\t\t\t\t\t\t\t\t<div id=\"elementor-tab-title-2442\" class=\"elementor-tab-title elementor-tab-desktop-title\" aria-selected=\"false\" data-tab=\"2\" role=\"tab\" tabindex=\"-1\" aria-controls=\"elementor-tab-content-2442\" aria-expanded=\"false\">Sauvegarde et r\u00e9cup\u00e9ration des donn\u00e9es <\/div>\n\t\t\t\t\t\t\t\t\t<div id=\"elementor-tab-title-2443\" class=\"elementor-tab-title elementor-tab-desktop-title\" aria-selected=\"false\" data-tab=\"3\" role=\"tab\" tabindex=\"-1\" aria-controls=\"elementor-tab-content-2443\" aria-expanded=\"false\">Internet des objets<\/div>\n\t\t\t\t\t\t\t<\/div>\n\t\t\t<div class=\"elementor-tabs-content-wrapper\" role=\"tablist\" aria-orientation=\"vertical\">\n\t\t\t\t\t\t\t\t\t<div class=\"elementor-tab-title elementor-tab-mobile-title\" aria-selected=\"true\" data-tab=\"1\" role=\"tab\" tabindex=\"0\" aria-controls=\"elementor-tab-content-2441\" aria-expanded=\"false\">Analyse et traitement des donn\u00e9es<\/div>\n\t\t\t\t\t<div id=\"elementor-tab-content-2441\" class=\"elementor-tab-content elementor-clearfix\" data-tab=\"1\" role=\"tabpanel\" aria-labelledby=\"elementor-tab-title-2441\" tabindex=\"0\" hidden=\"false\"><p>Les services d&#8217;analyse et de traitement des donn\u00e9es bas\u00e9s sur le cloud permettent aux entreprises d&#8217;exploiter des volumes importants de donn\u00e9es pour obtenir des informations exploitables. Ces services offrent des outils d&#8217;analyse avanc\u00e9s, tels que l&#8217;apprentissage automatique et l&#8217;intelligence artificielle, pour extraire des informations pr\u00e9cieuses \u00e0 partir des donn\u00e9es et prendre des d\u00e9cisions \u00e9clair\u00e9es.<\/p><\/div>\n\t\t\t\t\t\t\t\t\t<div class=\"elementor-tab-title elementor-tab-mobile-title\" aria-selected=\"false\" data-tab=\"2\" role=\"tab\" tabindex=\"-1\" aria-controls=\"elementor-tab-content-2442\" aria-expanded=\"false\">Sauvegarde et r\u00e9cup\u00e9ration des donn\u00e9es <\/div>\n\t\t\t\t\t<div id=\"elementor-tab-content-2442\" class=\"elementor-tab-content elementor-clearfix\" data-tab=\"2\" role=\"tabpanel\" aria-labelledby=\"elementor-tab-title-2442\" tabindex=\"0\" hidden=\"hidden\"><p><strong>Sauvegarde et r\u00e9cup\u00e9ration des donn\u00e9es<\/strong><\/p><\/div>\n\t\t\t\t\t\t\t\t\t<div class=\"elementor-tab-title elementor-tab-mobile-title\" aria-selected=\"false\" data-tab=\"3\" role=\"tab\" tabindex=\"-1\" aria-controls=\"elementor-tab-content-2443\" aria-expanded=\"false\">Internet des objets<\/div>\n\t\t\t\t\t<div id=\"elementor-tab-content-2443\" class=\"elementor-tab-content elementor-clearfix\" data-tab=\"3\" role=\"tabpanel\" aria-labelledby=\"elementor-tab-title-2443\" tabindex=\"0\" hidden=\"hidden\"><p>Les services cloud IoT permettent la collecte, le stockage et l&#8217;analyse des donn\u00e9es g\u00e9n\u00e9r\u00e9es par les dispositifs IoT connect\u00e9s. Cela permet aux entreprises d&#8217;exploiter pleinement le potentiel de l&#8217;IoT pour surveiller, contr\u00f4ler et optimiser les op\u00e9rations et les processus commerciaux.<\/p><\/div>\n\t\t\t\t\t\t\t<\/div>\n\t\t<\/div>\n\t\t\t\t\t\t<\/div>\n\t\t\t\t<\/div>\n\t\t\t\t\t<\/div>\n\t\t<\/div>\n\t\t\t\t\t<\/div>\n\t\t<\/section>\n\t\t\t\t\t<\/div>\n\t\t<\/div>\n\t\t\t\t\t<\/div>\n\t\t<\/section>\n\t\t\t\t<\/div>\n\t\t","protected":false},"excerpt":{"rendered":"<p>Besoin d&#8217;aide ? KYPE CORPORATE D\u00e9couvrez comment notre expertise peut transformer vos projets. contactez nous d\u00e8s aujourd\u2019hui pour une consultation personnalis\u00e9e! Contactez Nous H\u00e9bergement cloud L&#8217;h\u00e9bergement cloud est un service informatique qui permet aux entreprises de stocker, g\u00e9rer et acc\u00e9der \u00e0 leurs donn\u00e9es et applications via Internet. Contrairement \u00e0 l&#8217;h\u00e9bergement traditionnel sur des serveurs locaux, [&hellip;]<\/p>\n","protected":false},"author":1,"featured_media":0,"parent":0,"menu_order":0,"comment_status":"closed","ping_status":"closed","template":"page-templates\/template-default.php","meta":{"om_disable_all_campaigns":false,"_monsterinsights_skip_tracking":false,"_monsterinsights_sitenote_active":false,"_monsterinsights_sitenote_note":"","_monsterinsights_sitenote_category":0,"_uf_show_specific_survey":0,"_uf_disable_surveys":false,"footnotes":""},"class_list":["post-14390","page","type-page","status-publish","hentry"],"aioseo_notices":[],"_links":{"self":[{"href":"https:\/\/kypecorp.com\/index.php\/wp-json\/wp\/v2\/pages\/14390","targetHints":{"allow":["GET"]}}],"collection":[{"href":"https:\/\/kypecorp.com\/index.php\/wp-json\/wp\/v2\/pages"}],"about":[{"href":"https:\/\/kypecorp.com\/index.php\/wp-json\/wp\/v2\/types\/page"}],"author":[{"embeddable":true,"href":"https:\/\/kypecorp.com\/index.php\/wp-json\/wp\/v2\/users\/1"}],"replies":[{"embeddable":true,"href":"https:\/\/kypecorp.com\/index.php\/wp-json\/wp\/v2\/comments?post=14390"}],"version-history":[{"count":54,"href":"https:\/\/kypecorp.com\/index.php\/wp-json\/wp\/v2\/pages\/14390\/revisions"}],"predecessor-version":[{"id":15929,"href":"https:\/\/kypecorp.com\/index.php\/wp-json\/wp\/v2\/pages\/14390\/revisions\/15929"}],"wp:attachment":[{"href":"https:\/\/kypecorp.com\/index.php\/wp-json\/wp\/v2\/media?parent=14390"}],"curies":[{"name":"wp","href":"https:\/\/api.w.org\/{rel}","templated":true}]}}